{"id":1003,"date":"2018-03-20T11:21:30","date_gmt":"2018-03-20T10:21:30","guid":{"rendered":"http:\/\/www.orion-veicolispeciali.info\/fr\/?page_id=1003"},"modified":"2024-10-28T17:08:43","modified_gmt":"2024-10-28T16:08:43","slug":"i-modelli","status":"publish","type":"page","link":"https:\/\/orion-veicolispeciali.info\/fr\/i-modelli\/","title":{"rendered":"Les mod\u00e8les"},"content":{"rendered":"<div id=\"pl-1003\"  class=\"panel-layout\" ><div id=\"pg-1003-0\"  class=\"panel-grid panel-no-style\" ><div id=\"pgc-1003-0-0\"  class=\"panel-grid-cell\" ><div id=\"panel-1003-0-0-0\" class=\"so-panel widget widget_media_image panel-first-child\" data-index=\"0\" ><a href=\"https:\/\/orion-veicolispeciali.info\/fr\/ambulances-de-secours\/\"><img loading=\"lazy\" decoding=\"async\" width=\"300\" height=\"300\" src=\"https:\/\/orion-veicolispeciali.info\/fr\/wp-content\/uploads\/2018\/08\/icone-modelli_ambulanze.jpg\" class=\"image wp-image-1429  attachment-full size-full\" alt=\"\" style=\"max-width: 100%; height: auto;\" srcset=\"https:\/\/orion-veicolispeciali.info\/fr\/wp-content\/uploads\/2018\/08\/icone-modelli_ambulanze.jpg 300w, https:\/\/orion-veicolispeciali.info\/fr\/wp-content\/uploads\/2018\/08\/icone-modelli_ambulanze-150x150.jpg 150w\" sizes=\"auto, (max-width: 300px) 100vw, 300px\" \/><\/a><\/div><div id=\"panel-1003-0-0-1\" class=\"so-panel widget widget_text panel-last-child\" data-index=\"1\" ><h3 class=\"widget-title\">Ambulances de secours<\/h3>\t\t\t<div class=\"textwidget\"><\/div>\n\t\t<\/div><\/div><div id=\"pgc-1003-0-1\"  class=\"panel-grid-cell\" ><div id=\"panel-1003-0-1-0\" class=\"so-panel widget widget_media_image panel-first-child\" data-index=\"2\" ><a href=\"https:\/\/orion-veicolispeciali.info\/fr\/i-modelli\/ambulanze-da-trasporto-per-servizi-sanitari\/\"><img loading=\"lazy\" decoding=\"async\" width=\"300\" height=\"300\" src=\"https:\/\/orion-veicolispeciali.info\/fr\/wp-content\/uploads\/2018\/08\/icone-modelli_trasporto.jpg\" class=\"image wp-image-1433  attachment-full size-full\" alt=\"\" style=\"max-width: 100%; height: auto;\" srcset=\"https:\/\/orion-veicolispeciali.info\/fr\/wp-content\/uploads\/2018\/08\/icone-modelli_trasporto.jpg 300w, https:\/\/orion-veicolispeciali.info\/fr\/wp-content\/uploads\/2018\/08\/icone-modelli_trasporto-150x150.jpg 150w\" sizes=\"auto, (max-width: 300px) 100vw, 300px\" \/><\/a><\/div><div id=\"panel-1003-0-1-1\" class=\"so-panel widget widget_text panel-last-child\" data-index=\"3\" ><h3 class=\"widget-title\">Ambulances de transport pour les services sanitaires<\/h3>\t\t\t<div class=\"textwidget\"><\/div>\n\t\t<\/div><\/div><\/div><div id=\"pg-1003-1\"  class=\"panel-grid panel-no-style\" ><div id=\"pgc-1003-1-0\"  class=\"panel-grid-cell\" ><div id=\"panel-1003-1-0-0\" class=\"so-panel widget widget_media_image panel-first-child\" data-index=\"4\" ><a href=\"https:\/\/orion-veicolispeciali.info\/fr\/i-modelli\/automediche\/\"><img loading=\"lazy\" decoding=\"async\" width=\"300\" height=\"300\" src=\"https:\/\/orion-veicolispeciali.info\/fr\/wp-content\/uploads\/2024\/10\/VLM-icona.jpg\" class=\"image wp-image-2008  attachment-full size-full\" alt=\"\" style=\"max-width: 100%; height: auto;\" srcset=\"https:\/\/orion-veicolispeciali.info\/fr\/wp-content\/uploads\/2024\/10\/VLM-icona.jpg 300w, https:\/\/orion-veicolispeciali.info\/fr\/wp-content\/uploads\/2024\/10\/VLM-icona-150x150.jpg 150w\" sizes=\"auto, (max-width: 300px) 100vw, 300px\" \/><\/a><\/div><div id=\"panel-1003-1-0-1\" class=\"so-panel widget widget_text panel-last-child\" data-index=\"5\" ><h3 class=\"widget-title\">VLM<\/h3>\t\t\t<div class=\"textwidget\"><\/div>\n\t\t<\/div><\/div><div id=\"pgc-1003-1-1\"  class=\"panel-grid-cell\" ><div id=\"panel-1003-1-1-0\" class=\"so-panel widget widget_media_image panel-first-child\" data-index=\"6\" ><a href=\"https:\/\/orion-veicolispeciali.info\/fr\/i-modelli\/trasporto-disabili\/\"><img loading=\"lazy\" decoding=\"async\" width=\"300\" height=\"300\" src=\"https:\/\/orion-veicolispeciali.info\/fr\/wp-content\/uploads\/2024\/10\/disabili-iconai.jpg\" class=\"image wp-image-2006  attachment-full size-full\" alt=\"\" style=\"max-width: 100%; height: auto;\" srcset=\"https:\/\/orion-veicolispeciali.info\/fr\/wp-content\/uploads\/2024\/10\/disabili-iconai.jpg 300w, https:\/\/orion-veicolispeciali.info\/fr\/wp-content\/uploads\/2024\/10\/disabili-iconai-150x150.jpg 150w\" sizes=\"auto, (max-width: 300px) 100vw, 300px\" \/><\/a><\/div><div id=\"panel-1003-1-1-1\" class=\"so-panel widget widget_text panel-last-child\" data-index=\"7\" ><h3 class=\"widget-title\">Transport de personnes handicap\u00e9es<\/h3>\t\t\t<div class=\"textwidget\"><\/div>\n\t\t<\/div><\/div><\/div><div id=\"pg-1003-2\"  class=\"panel-grid panel-no-style\" ><div id=\"pgc-1003-2-0\"  class=\"panel-grid-cell\" ><div id=\"panel-1003-2-0-0\" class=\"so-panel widget widget_text panel-first-child panel-last-child\" data-index=\"8\" >\t\t\t<div class=\"textwidget\"><h2>Ambulances et v\u00e9hicules d\u2019urgence pour le secours sanitaire<\/h2>\n<p>Orion est le principal \u00e9quipementier d\u2019ambulances et de voitures m\u00e9dicalis\u00e9es italien, ayant vingt ans d\u2019exp\u00e9rience dans le secteur des v\u00e9hicules reli\u00e9s au num\u00e9ro d\u2019appel d\u2019urgence 118 italien. L\u2019entreprise cr\u00e9\u00e9e par<strong> la famille Meoni<\/strong> est aujourd\u2019hui un point de r\u00e9f\u00e9rence national en raison de ses caract\u00e9ristiques en termes de qualit\u00e9, r\u00e9sistance et soin apport\u00e9 au projet. Les ambulances et les v\u00e9hicules d\u2019urgence Orion sont \u00e9quip\u00e9s de solutions s\u00fbres, caract\u00e9ris\u00e9es par leur simplicit\u00e9 d\u2019utilisation et par leur forte fonctionnalit\u00e9. Le personnel technique tr\u00e8s sp\u00e9cialis\u00e9 peut s\u2019occuper de la r\u00e9alisation des v\u00e9hicules en se basant sur les simples exigences, en r\u00e9alisant des personnalisations ad hoc. Les ambulances, voitures m\u00e9dicalis\u00e9es, v\u00e9hicules pour le transport sanitaire, voitures pour le transport de sang et d\u2019organes font partie de la gamme de v\u00e9hicules sp\u00e9ciaux qu\u2019Orion peut produire avec la plus grande minutie et rapidement.<\/p>\n<h2>V\u00e9hicules pour le transport de personnes handicap\u00e9es<\/h2>\n<p>Orion a une philosophie d\u2019entreprise et une politique de r\u00e9alisation des produits tr\u00e8s innovantes dans le panorama italien et en accord avec les normes europ\u00e9ennes les plus avanc\u00e9es. Les v\u00e9hicules Orion sont certifi\u00e9s conform\u00e9ment aux r\u00e9glementations du secteur, aux normes \u00e9lev\u00e9es en termes de tests et proc\u00e9dures de r\u00e9alisation qui garantissent toujours des prestations de service optimales.<\/p>\n<p>Orion \u00e9quipe aussi plusieurs mod\u00e8les de v\u00e9hicules sp\u00e9ciaux pour la Protection civile et le monde du transport de personnes handicap\u00e9es.  Les v\u00e9hicules dot\u00e9s d\u2019une rampe d\u2019acc\u00e8s automatique pour les fauteuils roulants comptent aujourd\u2019hui parmi les mod\u00e8les les plus appr\u00e9ci\u00e9s, mais Orion garantit \u00e9galement l\u2019am\u00e9nagement de v\u00e9hicules de dimensions moyennes, 9 places, et une configuration mixte. <\/p>\n<h2>R\u00e9alisations sur mesure de tous les types de v\u00e9hicules<\/h2>\n<p>Par ailleurs, dans le secteur sanitaire Orion a \u00e9t\u00e9 l\u2019un des principaux innovateurs en ce qui concerne l\u2019int\u00e9rieur de l\u2019habitacle sanitaire et la disposition des feux clignotants et des syst\u00e8mes d\u2019\u00e9clairage ext\u00e9rieur. Par exemple, Orion a r\u00e9alis\u00e9 Domino, la premi\u00e8re ambulance en fibre de verre enti\u00e8rement modulaire, et s\u2019est impos\u00e9e comme r\u00e9f\u00e9rence pour les am\u00e9nagements dans les v\u00e9hicules haut de gamme comme Mercedes Sprinter, Renault Master, Volkswagen Transporter ou Peugeot Boxer.  Parmi ses certifications et partenariats techniques, Orion est fi\u00e8re de collaborer directement avec plusieurs constructeurs automobiles.<\/p>\n<\/div>\n\t\t<\/div><\/div><\/div><\/div>","protected":false},"excerpt":{"rendered":"<p>Ambulances de secours Ambulances de transport pour les services sanitaires VLM Transport de personnes handicap\u00e9es Ambulances et v\u00e9hicules d\u2019urgence pour le secours sanitaire Orion est le principal \u00e9quipementier d\u2019ambulances et de voitures m\u00e9dicalis\u00e9es italien, ayant vingt ans d\u2019exp\u00e9rience dans le secteur des v\u00e9hicules reli\u00e9s au num\u00e9ro d\u2019appel d\u2019urgence 118 italien. L\u2019entreprise cr\u00e9\u00e9e par la famille [&hellip;]<\/p>\n","protected":false},"author":1,"featured_media":0,"parent":0,"menu_order":0,"comment_status":"closed","ping_status":"closed","template":"","meta":{"footnotes":""},"class_list":{"0":"post-1003","1":"page","2":"type-page","3":"status-publish","5":"entry","6":"has-post-thumbnail"},"_links":{"self":[{"href":"https:\/\/orion-veicolispeciali.info\/fr\/wp-json\/wp\/v2\/pages\/1003","targetHints":{"allow":["GET"]}}],"collection":[{"href":"https:\/\/orion-veicolispeciali.info\/fr\/wp-json\/wp\/v2\/pages"}],"about":[{"href":"https:\/\/orion-veicolispeciali.info\/fr\/wp-json\/wp\/v2\/types\/page"}],"author":[{"embeddable":true,"href":"https:\/\/orion-veicolispeciali.info\/fr\/wp-json\/wp\/v2\/users\/1"}],"replies":[{"embeddable":true,"href":"https:\/\/orion-veicolispeciali.info\/fr\/wp-json\/wp\/v2\/comments?post=1003"}],"version-history":[{"count":30,"href":"https:\/\/orion-veicolispeciali.info\/fr\/wp-json\/wp\/v2\/pages\/1003\/revisions"}],"predecessor-version":[{"id":2009,"href":"https:\/\/orion-veicolispeciali.info\/fr\/wp-json\/wp\/v2\/pages\/1003\/revisions\/2009"}],"wp:attachment":[{"href":"https:\/\/orion-veicolispeciali.info\/fr\/wp-json\/wp\/v2\/media?parent=1003"}],"curies":[{"name":"wp","href":"https:\/\/api.w.org\/{rel}","templated":true}]}}