{"id":1759,"date":"2020-09-14T16:18:39","date_gmt":"2020-09-14T14:18:39","guid":{"rendered":"https:\/\/orion-veicolispeciali.info\/fr\/?page_id=1759"},"modified":"2020-09-14T17:48:07","modified_gmt":"2020-09-14T15:48:07","slug":"ambulances-de-secours","status":"publish","type":"page","link":"https:\/\/orion-veicolispeciali.info\/fr\/ambulances-de-secours\/","title":{"rendered":"Ambulances de secours"},"content":{"rendered":"<div id=\"pl-1759\"  class=\"panel-layout\" ><div id=\"pg-1759-0\"  class=\"panel-grid panel-no-style\" ><div id=\"pgc-1759-0-0\"  class=\"panel-grid-cell\" ><div id=\"panel-1759-0-0-0\" class=\"so-panel widget widget_media_image panel-first-child\" data-index=\"0\" ><a href=\"https:\/\/orion-veicolispeciali.info\/fr\/amenagement-maxima\/\"><img loading=\"lazy\" decoding=\"async\" width=\"300\" height=\"240\" src=\"https:\/\/orion-veicolispeciali.info\/fr\/wp-content\/uploads\/2020\/09\/icona-allestimenti-maxima-300x240-300x240.jpg\" class=\"image wp-image-1763  attachment-medium size-medium\" alt=\"\" style=\"max-width: 100%; height: auto;\" \/><\/a><\/div><div id=\"panel-1759-0-0-1\" class=\"so-panel widget widget_sow-editor\" data-index=\"1\" ><div\n\t\t\t\n\t\t\tclass=\"so-widget-sow-editor so-widget-sow-editor-base\"\n\t\t\t\n\t\t>\n<div class=\"siteorigin-widget-tinymce textwidget\">\n\t<p><a href=\"https:\/\/orion-veicolispeciali.info\/fr\/amenagement-maxima\/\">Lire la suite<\/a>...<\/p>\n<\/div>\n<\/div><\/div><div id=\"panel-1759-0-0-2\" class=\"so-panel widget widget_media_image\" data-index=\"2\" ><a href=\"https:\/\/orion-veicolispeciali.info\/fr\/amenagement-domino\/\"><img loading=\"lazy\" decoding=\"async\" width=\"300\" height=\"240\" src=\"https:\/\/orion-veicolispeciali.info\/fr\/wp-content\/uploads\/2020\/09\/icona-allestimenti-domino-300x240-300x240.jpg\" class=\"image wp-image-1761  attachment-medium size-medium\" alt=\"\" style=\"max-width: 100%; height: auto;\" \/><\/a><\/div><div id=\"panel-1759-0-0-3\" class=\"so-panel widget widget_sow-editor panel-last-child\" data-index=\"3\" ><div\n\t\t\t\n\t\t\tclass=\"so-widget-sow-editor so-widget-sow-editor-base\"\n\t\t\t\n\t\t>\n<div class=\"siteorigin-widget-tinymce textwidget\">\n\t<p><a href=\"https:\/\/orion-veicolispeciali.info\/fr\/amenagement-domino\/\">Lire la suite<\/a>...<\/p>\n<\/div>\n<\/div><\/div><\/div><div id=\"pgc-1759-0-1\"  class=\"panel-grid-cell\" ><div id=\"panel-1759-0-1-0\" class=\"so-panel widget widget_media_image panel-first-child\" data-index=\"4\" ><a href=\"https:\/\/orion-veicolispeciali.info\/fr\/amenagement-domino-plus\/\"><img loading=\"lazy\" decoding=\"async\" width=\"300\" height=\"240\" src=\"https:\/\/orion-veicolispeciali.info\/fr\/wp-content\/uploads\/2020\/09\/icona-allestimenti-domino-plus-esterno-300x240-300x240.jpg\" class=\"image wp-image-1762  attachment-medium size-medium\" alt=\"\" style=\"max-width: 100%; height: auto;\" \/><\/a><\/div><div id=\"panel-1759-0-1-1\" class=\"so-panel widget widget_sow-editor\" data-index=\"5\" ><div\n\t\t\t\n\t\t\tclass=\"so-widget-sow-editor so-widget-sow-editor-base\"\n\t\t\t\n\t\t>\n<div class=\"siteorigin-widget-tinymce textwidget\">\n\t<p><a href=\"https:\/\/orion-veicolispeciali.info\/fr\/amenagement-domino-plus\/\">Lire la suite<\/a>...<\/p>\n<\/div>\n<\/div><\/div><div id=\"panel-1759-0-1-2\" class=\"so-panel widget widget_media_image\" data-index=\"6\" ><a href=\"https:\/\/orion-veicolispeciali.info\/fr\/amenagement-quadra\/\"><img loading=\"lazy\" decoding=\"async\" width=\"300\" height=\"240\" src=\"https:\/\/orion-veicolispeciali.info\/fr\/wp-content\/uploads\/2020\/09\/icona-allestimenti-quadra-300x240-300x240.jpg\" class=\"image wp-image-1760  attachment-medium size-medium\" alt=\"\" style=\"max-width: 100%; height: auto;\" \/><\/a><\/div><div id=\"panel-1759-0-1-3\" class=\"so-panel widget widget_sow-editor panel-last-child\" data-index=\"7\" ><div\n\t\t\t\n\t\t\tclass=\"so-widget-sow-editor so-widget-sow-editor-base\"\n\t\t\t\n\t\t>\n<div class=\"siteorigin-widget-tinymce textwidget\">\n\t<p><a href=\"https:\/\/orion-veicolispeciali.info\/fr\/amenagement-quadra\/\">Lire la suite<\/a>...<\/p>\n<\/div>\n<\/div><\/div><\/div><\/div><div id=\"pg-1759-1\"  class=\"panel-grid panel-no-style\" ><div id=\"pgc-1759-1-0\"  class=\"panel-grid-cell\" ><div id=\"panel-1759-1-0-0\" class=\"so-panel widget widget_sow-editor panel-first-child panel-last-child\" data-index=\"8\" ><div\n\t\t\t\n\t\t\tclass=\"so-widget-sow-editor so-widget-sow-editor-base\"\n\t\t\t\n\t\t>\n<div class=\"siteorigin-widget-tinymce textwidget\">\n\t<p>Au fil des ans, Orion a d\u00e9velopp\u00e9 des am\u00e9nagements pour les ambulances d\u00e9di\u00e9es aux services d\u2019urgence et de secours, modulaires et personnalis\u00e9s, en utilisant des structures sp\u00e9ciales r\u00e9alis\u00e9es en fibre de verre nautique qui sont la garantie d\u2019une grande qualit\u00e9, de r\u00e9sistance et d\u2019assainissement des int\u00e9rieurs.<\/p>\n<p>Les solutions qu\u2019Orion offre au monde sanitaire sont fonctionnelles par rapport aux exigences des clients, et les am\u00e9nagements peuvent \u00eatre personnalis\u00e9s avec des innovations continues, gr\u00e2ce \u00e0 la mise \u00e0 jour permanente qui est r\u00e9alis\u00e9e par les bureaux de recherche et de d\u00e9veloppement de l\u2019entreprise toscane. Les innovations visant \u00e0 am\u00e9liorer le travail des secouristes sanitaires sont \u00e9tudi\u00e9es aux c\u00f4t\u00e9s des utilisateurs du v\u00e9hicule. Tout est parti de l\u2019am\u00e9nagement DOMINO, un succ\u00e8s qui s\u2019est impos\u00e9 en quelques ann\u00e9es comme am\u00e9nagement de r\u00e9f\u00e9rence dans le secteur, gr\u00e2ce au syst\u00e8me modulaire original qui garantit le positionnement ergonomique et d\u00e9di\u00e9 des espaces et des appareils. N\u2019importe quelle exigence ou demande de la part du client peut \u00eatre r\u00e9solue. La structure principale r\u00e9alis\u00e9e en fibre de verre est compos\u00e9e de divers \u00e9l\u00e9ments qui peuvent \u00eatre assembl\u00e9s selon vos exigences particuli\u00e8res, mais toujours en respectant les r\u00e9glementations europ\u00e9ennes et l\u2019importance de la s\u00e9curit\u00e9, un d\u00e9tail qui n\u2019est jamais n\u00e9glig\u00e9 dans les am\u00e9nagements Orion.<\/p>\n<\/div>\n<\/div><\/div><\/div><\/div><\/div>","protected":false},"excerpt":{"rendered":"<p>Lire la suite&#8230; Lire la suite&#8230; Lire la suite&#8230; Lire la suite&#8230; Au fil des ans, Orion a d\u00e9velopp\u00e9 des am\u00e9nagements pour les ambulances d\u00e9di\u00e9es aux services d\u2019urgence et de secours, modulaires et personnalis\u00e9s, en utilisant des structures sp\u00e9ciales r\u00e9alis\u00e9es en fibre de verre nautique qui sont la garantie d\u2019une grande qualit\u00e9, de r\u00e9sistance et [&hellip;]<\/p>\n","protected":false},"author":1000,"featured_media":1886,"parent":0,"menu_order":0,"comment_status":"closed","ping_status":"closed","template":"","meta":{"footnotes":""},"class_list":{"0":"post-1759","1":"page","2":"type-page","3":"status-publish","4":"has-post-thumbnail","6":"entry"},"_links":{"self":[{"href":"https:\/\/orion-veicolispeciali.info\/fr\/wp-json\/wp\/v2\/pages\/1759","targetHints":{"allow":["GET"]}}],"collection":[{"href":"https:\/\/orion-veicolispeciali.info\/fr\/wp-json\/wp\/v2\/pages"}],"about":[{"href":"https:\/\/orion-veicolispeciali.info\/fr\/wp-json\/wp\/v2\/types\/page"}],"author":[{"embeddable":true,"href":"https:\/\/orion-veicolispeciali.info\/fr\/wp-json\/wp\/v2\/users\/1000"}],"replies":[{"embeddable":true,"href":"https:\/\/orion-veicolispeciali.info\/fr\/wp-json\/wp\/v2\/comments?post=1759"}],"version-history":[{"count":10,"href":"https:\/\/orion-veicolispeciali.info\/fr\/wp-json\/wp\/v2\/pages\/1759\/revisions"}],"predecessor-version":[{"id":1885,"href":"https:\/\/orion-veicolispeciali.info\/fr\/wp-json\/wp\/v2\/pages\/1759\/revisions\/1885"}],"wp:featuredmedia":[{"embeddable":true,"href":"https:\/\/orion-veicolispeciali.info\/fr\/wp-json\/wp\/v2\/media\/1886"}],"wp:attachment":[{"href":"https:\/\/orion-veicolispeciali.info\/fr\/wp-json\/wp\/v2\/media?parent=1759"}],"curies":[{"name":"wp","href":"https:\/\/api.w.org\/{rel}","templated":true}]}}