{"id":1833,"date":"2020-09-14T17:29:02","date_gmt":"2020-09-14T15:29:02","guid":{"rendered":"https:\/\/orion-veicolispeciali.info\/fr\/?page_id=1833"},"modified":"2020-09-14T17:38:09","modified_gmt":"2020-09-14T15:38:09","slug":"amenagement-domino-plus","status":"publish","type":"page","link":"https:\/\/orion-veicolispeciali.info\/fr\/amenagement-domino-plus\/","title":{"rendered":"Am\u00e9nagement Domino Plus"},"content":{"rendered":"<div id=\"pl-1833\"  class=\"panel-layout\" ><div id=\"pg-1833-0\"  class=\"panel-grid panel-no-style\" ><div id=\"pgc-1833-0-0\"  class=\"panel-grid-cell\" ><div id=\"panel-1833-0-0-0\" class=\"so-panel widget widget_media_image panel-first-child\" data-index=\"0\" ><img loading=\"lazy\" decoding=\"async\" class=\"image \" src=\"https:\/\/orion-veicolispeciali.info\/it\/wp-content\/uploads\/2020\/02\/icona-allestimenti-domino-plus.jpg\" alt=\"Allestimento Domino Plus\" width=\"500\" height=\"400\" \/><\/div><div id=\"panel-1833-0-0-1\" class=\"so-panel widget widget_sow-editor\" data-index=\"1\" ><div\n\t\t\t\n\t\t\tclass=\"so-widget-sow-editor so-widget-sow-editor-base\"\n\t\t\t\n\t\t>\n<div class=\"siteorigin-widget-tinymce textwidget\">\n\t<p>L\u2019am\u00e9nagement Domino Plus a \u00e9t\u00e9 cr\u00e9\u00e9 par un important cabinet dirig\u00e9 par Orion en collaboration avec l\u2019Universit\u00e9 de Florence.<br \/>\nD\u00e8s la premi\u00e8re phase du projet, l\u2019objectif consistait \u00e0 offrir un produit ayant des caract\u00e9ristiques innovantes au niveau de la s\u00e9curit\u00e9, de l\u2019ergonomie, du design et de la flexibilit\u00e9.<br \/>\nAvec Domino on ne peut pas parler d\u2019un \u00ab mod\u00e8le d\u2019am\u00e9nagement \u00bb, mais d\u2019une infinit\u00e9 de solutions.<br \/>\nEn effet, cet am\u00e9nagement est compos\u00e9 d\u2019une coque int\u00e9grale de rev\u00eatement de l\u2019int\u00e9rieur du v\u00e9hicule et d\u2019une s\u00e9rie d\u2019accessoires s\u00e9lectionn\u00e9s avec le Client afin de r\u00e9pondre \u00e0 n\u2019importe quelle exigence.<br \/>\nEn modifiant la combinaison des accessoires, Orion r\u00e9ussit \u00e0 composer des solutions ergonomiques tr\u00e8s diff\u00e9rentes les unes des autres et peut r\u00e9pondre aux multiples demandes des op\u00e9rateurs du secteur.<\/p>\n<\/div>\n<\/div><\/div><div id=\"panel-1833-0-0-2\" class=\"so-panel widget widget_media_image\" data-index=\"2\" ><img loading=\"lazy\" decoding=\"async\" class=\"image \" src=\"https:\/\/orion-veicolispeciali.info\/it\/wp-content\/uploads\/2020\/02\/Domino-plus-coral-sedili-girevoli.jpg\" alt=\"Sedili rotanti nel rispetto della normativa UNI EN 1789\" width=\"800\" height=\"600\" \/><\/div><div id=\"panel-1833-0-0-3\" class=\"so-panel widget widget_sow-editor\" data-index=\"3\" ><div\n\t\t\t\n\t\t\tclass=\"so-widget-sow-editor so-widget-sow-editor-base\"\n\t\t\t\n\t\t>\n<div class=\"siteorigin-widget-tinymce textwidget\">\n\t<p><em>Si\u00e8ges pivotants<\/em><\/p>\n<\/div>\n<\/div><\/div><div id=\"panel-1833-0-0-4\" class=\"so-panel widget widget_media_image\" data-index=\"4\" ><img loading=\"lazy\" decoding=\"async\" class=\"image \" src=\"https:\/\/orion-veicolispeciali.info\/it\/wp-content\/uploads\/2020\/02\/Domino-interno-rack.jpg\" alt=\"Rack mobili dell&#039;allestimento Domino Plus\" width=\"800\" height=\"600\" \/><\/div><div id=\"panel-1833-0-0-5\" class=\"so-panel widget widget_sow-editor\" data-index=\"5\" ><div\n\t\t\t\n\t\t\tclass=\"so-widget-sow-editor so-widget-sow-editor-base\"\n\t\t\t\n\t\t>\n<div class=\"siteorigin-widget-tinymce textwidget\">\n\t<p><i>\u00c9tag\u00e8res r\u00e9glables et coulissantes<\/i><\/p>\n<\/div>\n<\/div><\/div><div id=\"panel-1833-0-0-6\" class=\"so-panel widget widget_sow-editor\" data-index=\"6\" ><div\n\t\t\t\n\t\t\tclass=\"so-widget-sow-editor so-widget-sow-editor-base\"\n\t\t\t\n\t\t>\n<div class=\"siteorigin-widget-tinymce textwidget\">\n\t<p>Tous les \u00e9l\u00e9ments de la coque et des am\u00e9nagements con\u00e7us par Orion sont r\u00e9alis\u00e9s en fibre de verre nautique d\u2019une \u00e9paisseur variable et finition satin\u00e9e, les renforts de la structure sont \u00e9tudi\u00e9s pour offrir un maximum de stabilit\u00e9, le syst\u00e8me \u00e9lectrique \u00ab\u00a0CAN-BUS MOSFET\u00a0\u00bb aux lumi\u00e8res LED est tr\u00e8s fiable et son utilisation est simple.<br \/>\nDomino Plus peut \u00eatre dot\u00e9e du tunnel exclusif pour loger les bouteilles et garantir un maximum de s\u00e9curit\u00e9 en cas d\u2019impact.<br \/>\nDomino est disponible sur tous les types de v\u00e9hicules: Fiat, Citro\u00ebn, Peugeot, Renault, Volkswagen, Mercedes, aussi bien pour les urgences que pour les transports.<br \/>\nDomino peut \u00eatre \u00e9quip\u00e9e du syst\u00e8me d\u2019assainissement \u00ab<a href=\"https:\/\/orion-veicolispeciali.info\/fr\/azienda\/pure-health\/\">Pure Health<\/a>\u00bb qui permet d\u2019assainir le v\u00e9hicule de mani\u00e8re continue m\u00eame lorsque le patient et le personnel sont \u00e0 bord: une exclusivit\u00e9 Orion.<br \/>\n\u00c0 l\u2019ext\u00e9rieur il est possible d\u2019installer notre spoiler int\u00e9gr\u00e9 \u00e0 LED \u00ab<a href=\"https:\/\/orion-veicolispeciali.info\/fr\/esclusive-orion\/innovazioni\/\">Luxor<\/a>\u00bb ou des solutions plus classiques, comme des barres ou des feux clignotants.<br \/>\nDomino: ce n\u2019est pas une simple Ambulance, mais votre Ambulance!<\/p>\n<\/div>\n<\/div><\/div><div id=\"panel-1833-0-0-7\" class=\"so-panel widget widget_media_video\" data-index=\"7\" ><div style=\"width:100%;\" class=\"wp-video\"><video class=\"wp-video-shortcode\" id=\"video-1833-1\" preload=\"metadata\" controls=\"controls\"><source type=\"video\/youtube\" src=\"https:\/\/www.youtube.com\/watch?v=bKt4TpBYRQQ&#038;_=1\" \/><a href=\"https:\/\/www.youtube.com\/watch?v=bKt4TpBYRQQ\">https:\/\/www.youtube.com\/watch?v=bKt4TpBYRQQ<\/a><\/video><\/div><\/div><div id=\"panel-1833-0-0-9\" class=\"so-panel widget widget_media_image panel-last-child\" data-index=\"9\" ><img loading=\"lazy\" decoding=\"async\" class=\"image \" src=\"https:\/\/orion-veicolispeciali.info\/it\/wp-content\/uploads\/2020\/02\/Domino-plus-coral.jpg\" alt=\"\" width=\"800\" height=\"600\" \/><\/div><\/div><\/div><\/div>","protected":false},"excerpt":{"rendered":"<p>L\u2019am\u00e9nagement Domino Plus a \u00e9t\u00e9 cr\u00e9\u00e9 par un important cabinet dirig\u00e9 par Orion en collaboration avec l\u2019Universit\u00e9 de Florence. D\u00e8s la premi\u00e8re phase du projet, l\u2019objectif consistait \u00e0 offrir un produit ayant des caract\u00e9ristiques innovantes au niveau de la s\u00e9curit\u00e9, de l\u2019ergonomie, du design et de la flexibilit\u00e9. Avec Domino on ne peut pas parler [&hellip;]<\/p>\n","protected":false},"author":1000,"featured_media":1840,"parent":0,"menu_order":0,"comment_status":"closed","ping_status":"closed","template":"","meta":{"footnotes":""},"class_list":{"0":"post-1833","1":"page","2":"type-page","3":"status-publish","4":"has-post-thumbnail","6":"entry"},"_links":{"self":[{"href":"https:\/\/orion-veicolispeciali.info\/fr\/wp-json\/wp\/v2\/pages\/1833","targetHints":{"allow":["GET"]}}],"collection":[{"href":"https:\/\/orion-veicolispeciali.info\/fr\/wp-json\/wp\/v2\/pages"}],"about":[{"href":"https:\/\/orion-veicolispeciali.info\/fr\/wp-json\/wp\/v2\/types\/page"}],"author":[{"embeddable":true,"href":"https:\/\/orion-veicolispeciali.info\/fr\/wp-json\/wp\/v2\/users\/1000"}],"replies":[{"embeddable":true,"href":"https:\/\/orion-veicolispeciali.info\/fr\/wp-json\/wp\/v2\/comments?post=1833"}],"version-history":[{"count":8,"href":"https:\/\/orion-veicolispeciali.info\/fr\/wp-json\/wp\/v2\/pages\/1833\/revisions"}],"predecessor-version":[{"id":1844,"href":"https:\/\/orion-veicolispeciali.info\/fr\/wp-json\/wp\/v2\/pages\/1833\/revisions\/1844"}],"wp:featuredmedia":[{"embeddable":true,"href":"https:\/\/orion-veicolispeciali.info\/fr\/wp-json\/wp\/v2\/media\/1840"}],"wp:attachment":[{"href":"https:\/\/orion-veicolispeciali.info\/fr\/wp-json\/wp\/v2\/media?parent=1833"}],"curies":[{"name":"wp","href":"https:\/\/api.w.org\/{rel}","templated":true}]}}