{"id":846,"date":"2018-03-15T14:37:42","date_gmt":"2018-03-15T13:37:42","guid":{"rendered":"http:\/\/www.orion-veicolispeciali.info\/fr\/?page_id=846"},"modified":"2024-10-28T14:31:33","modified_gmt":"2024-10-28T13:31:33","slug":"le-nostre-sedi","status":"publish","type":"page","link":"https:\/\/orion-veicolispeciali.info\/fr\/azienda\/le-nostre-sedi\/","title":{"rendered":"Nos si\u00e8ges"},"content":{"rendered":"<p>ORION \u2013 TECNOLOGIA &amp; DESIGN a ouvert en 2016 une nouvelle installation futuriste situ\u00e9e dans via dei Gelsi \u00e0 Calenzano, Florence. Apr\u00e8s vingt ans de succ\u00e8s, la direction a choisi de se tourner vers l\u2019avenir et d\u2019\u00eatre \u00e0 la pointe parmi les \u00e9quipementiers partout en Italie et en Europe.<\/p>\n<p><iframe loading=\"lazy\" src=\"https:\/\/www.google.com\/maps\/d\/embed?mid=12w8G1xBhgyhaU2nzag64_eK0fbM3CP2L\" width=\"100%\" height=\"480\"><\/iframe><\/p>\n<p>Le projet Orion, n\u00e9 il y a vingt ans, avait pour objectif de cr\u00e9er le leader national dans la production d\u2019ambulances. Aujourd\u2019hui le groupe peut affirmer avoir gagn\u00e9 ce pari, avec l\u2019ouverture d\u2019un nouvel \u00e9tablissement plus grand et futuriste, qui pourra h\u00e9berger une production de ligne, au lieu de la production classique r\u00e9partie en \u00eelots. Un \u00e9v\u00e8nement plus unique que rare dans toute l\u2019Europe en ce qui concerne les ambulances et les v\u00e9hicules d\u2019urgence.<br \/>\nOrion a un nouvel \u00e9tablissement o\u00f9 travaillent avec passion une cinquantaine d\u2019employ\u00e9s, qui ont \u00e0 leur disposition une zone de production de pr\u00e8s de 7 000 m\u00e8tres carr\u00e9s, dont 4 000 couverts. Les milieux de travail ont \u00e9t\u00e9 dessin\u00e9s et con\u00e7us avec la philosophie de l\u2019impact z\u00e9ro. C\u2019est pourquoi les normes de production sont \u00e0 ce jour les plus \u00e9lev\u00e9es au niveau de la certification, les \u00e9conomies en termes d\u2019\u00e9nergie sont garanties et la capacit\u00e9 de production augmentera et pourra \u00eatre int\u00e9gr\u00e9e progressivement. Le nouveau hangar appartient \u00e0 la classe \u00e9nerg\u00e9tique A+ et produira de l\u2019\u00e9nergie \u00e9lectrique gr\u00e2ce \u00e0 80KW de panneaux photovolta\u00efques, r\u00e9duisant non seulement les gaspillages mais augmentant la qualit\u00e9 du milieu de travail par des \u00e9clairages command\u00e9s par des circuits domotiques et un chauffage fonctionnant avec des sources renouvelables. Orion fait toujours tr\u00e8s attention \u00e0 la sant\u00e9 de ses employ\u00e9s et de ses clients, en effet la d\u00e9sinfection de tous les planchers des bureaux est automatique gr\u00e2ce \u00e0 l\u2019innovant syst\u00e8me brevet\u00e9 Pure-Health.<br \/>\nLe choix d\u2019Orion a \u00e9t\u00e9 d\u2019avoir recours aux grandes comp\u00e9tences de la terre toscane: les constructeurs, concepteurs et mat\u00e9riaux proviennent tous de la zone op\u00e9rationnelle d\u2019Orion, dans le respect d\u2019une tradition qui est un signe de distinction dans la r\u00e9gion de Calenzano. C\u2019est justement pour cette raison qu\u2019Orion f\u00eatera en 2017, vingt ans de passion et de travail d\u00e9di\u00e9s au service de secours, qui ont toujours associ\u00e9 technologie et design pour mettre en circulation des ambulances et des v\u00e9hicules sp\u00e9ciaux parfaits pour les secouristes italiens.<\/p>\n<p>&nbsp;<\/p>\n<p>&nbsp;<\/p>\n<h2 style=\"text-align: center;\">Le si\u00e8ge en France<\/h2>\n<p><img loading=\"lazy\" decoding=\"async\" class=\"aligncenter size-full wp-image-1988\" src=\"https:\/\/orion-veicolispeciali.info\/fr\/wp-content\/uploads\/2024\/10\/logo-Orion-France.png\" alt=\"\" width=\"600\" height=\"208\" srcset=\"https:\/\/orion-veicolispeciali.info\/fr\/wp-content\/uploads\/2024\/10\/logo-Orion-France.png 600w, https:\/\/orion-veicolispeciali.info\/fr\/wp-content\/uploads\/2024\/10\/logo-Orion-France-300x104.png 300w\" sizes=\"auto, (max-width: 600px) 100vw, 600px\" \/><\/p>\n<p style=\"text-align: center;\">730 Rue Pierre Simon Laplace | 13290 Aix-en-Provence<br \/>\n+33 4 42 26 57 18 | <a href=\"mailto:contact@orionvs.fr\">contact@orionvs.fr<\/a><\/p>\n<figure id=\"attachment_1986\" aria-describedby=\"caption-attachment-1986\" style=\"width: 1600px\" class=\"wp-caption aligncenter\"><img loading=\"lazy\" decoding=\"async\" class=\"size-full wp-image-1986\" src=\"https:\/\/orion-veicolispeciali.info\/fr\/wp-content\/uploads\/2024\/10\/sede-Francia.jpg\" alt=\"\" width=\"1600\" height=\"1200\" srcset=\"https:\/\/orion-veicolispeciali.info\/fr\/wp-content\/uploads\/2024\/10\/sede-Francia.jpg 1600w, https:\/\/orion-veicolispeciali.info\/fr\/wp-content\/uploads\/2024\/10\/sede-Francia-300x225.jpg 300w, https:\/\/orion-veicolispeciali.info\/fr\/wp-content\/uploads\/2024\/10\/sede-Francia-1024x768.jpg 1024w, https:\/\/orion-veicolispeciali.info\/fr\/wp-content\/uploads\/2024\/10\/sede-Francia-768x576.jpg 768w, https:\/\/orion-veicolispeciali.info\/fr\/wp-content\/uploads\/2024\/10\/sede-Francia-1536x1152.jpg 1536w\" sizes=\"auto, (max-width: 1600px) 100vw, 1600px\" \/><figcaption id=\"caption-attachment-1986\" class=\"wp-caption-text\">Orion France<\/figcaption><\/figure>\n<p>&nbsp;<\/p>\n","protected":false},"excerpt":{"rendered":"<p>ORION \u2013 TECNOLOGIA &amp; DESIGN a ouvert en 2016 une nouvelle installation futuriste situ\u00e9e dans via dei Gelsi \u00e0 Calenzano, Florence. Apr\u00e8s vingt ans de succ\u00e8s, la direction a choisi de se tourner vers l\u2019avenir et d\u2019\u00eatre \u00e0 la pointe parmi les \u00e9quipementiers partout en Italie et en Europe. Le projet Orion, n\u00e9 il y [&hellip;]<\/p>\n","protected":false},"author":1,"featured_media":971,"parent":840,"menu_order":0,"comment_status":"closed","ping_status":"closed","template":"","meta":{"footnotes":""},"class_list":{"0":"post-846","1":"page","2":"type-page","3":"status-publish","4":"has-post-thumbnail","6":"entry"},"_links":{"self":[{"href":"https:\/\/orion-veicolispeciali.info\/fr\/wp-json\/wp\/v2\/pages\/846","targetHints":{"allow":["GET"]}}],"collection":[{"href":"https:\/\/orion-veicolispeciali.info\/fr\/wp-json\/wp\/v2\/pages"}],"about":[{"href":"https:\/\/orion-veicolispeciali.info\/fr\/wp-json\/wp\/v2\/types\/page"}],"author":[{"embeddable":true,"href":"https:\/\/orion-veicolispeciali.info\/fr\/wp-json\/wp\/v2\/users\/1"}],"replies":[{"embeddable":true,"href":"https:\/\/orion-veicolispeciali.info\/fr\/wp-json\/wp\/v2\/comments?post=846"}],"version-history":[{"count":30,"href":"https:\/\/orion-veicolispeciali.info\/fr\/wp-json\/wp\/v2\/pages\/846\/revisions"}],"predecessor-version":[{"id":1990,"href":"https:\/\/orion-veicolispeciali.info\/fr\/wp-json\/wp\/v2\/pages\/846\/revisions\/1990"}],"up":[{"embeddable":true,"href":"https:\/\/orion-veicolispeciali.info\/fr\/wp-json\/wp\/v2\/pages\/840"}],"wp:featuredmedia":[{"embeddable":true,"href":"https:\/\/orion-veicolispeciali.info\/fr\/wp-json\/wp\/v2\/media\/971"}],"wp:attachment":[{"href":"https:\/\/orion-veicolispeciali.info\/fr\/wp-json\/wp\/v2\/media?parent=846"}],"curies":[{"name":"wp","href":"https:\/\/api.w.org\/{rel}","templated":true}]}}