{"id":1072,"date":"2018-03-20T11:48:49","date_gmt":"2018-03-20T10:48:49","guid":{"rendered":"https:\/\/orion-veicolispeciali.info\/it\/?page_id=1072"},"modified":"2026-02-23T15:21:26","modified_gmt":"2026-02-23T14:21:26","slug":"automediche","status":"publish","type":"page","link":"https:\/\/orion-veicolispeciali.info\/it\/i-modelli\/automediche\/","title":{"rendered":"Automediche"},"content":{"rendered":"<div class=\"fusion-fullwidth fullwidth-box fusion-builder-row-1 nonhundred-percent-fullwidth non-hundred-percent-height-scrolling\"  style='background-color: rgba(255,255,255,0);background-position: center center;background-repeat: no-repeat;padding-top:0px;padding-right:30px;padding-bottom:0px;padding-left:30px;'><div class=\"fusion-builder-row fusion-row \"><div  class=\"fusion-layout-column fusion_builder_column fusion_builder_column_1_1 fusion-builder-column-1 fusion-one-full fusion-column-first fusion-column-last 1_1\"  style='margin-top:0px;margin-bottom:0px;'>\n\t\t\t\t\t<div class=\"fusion-column-wrapper\" style=\"padding: 0px 0px 0px 0px;background-position:left top;background-repeat:no-repeat;-webkit-background-size:cover;-moz-background-size:cover;-o-background-size:cover;background-size:cover;\"   data-bg-url=\"\">\n\t\t\t\t\t\t<div class=\"fusion-sep-clear\"><\/div><div class=\"fusion-separator fusion-full-width-sep sep-none\" style=\"margin-left: auto;margin-right: auto;margin-top:30px;\"><\/div><style type=\"text\/css\"><\/style><div class=\"fusion-title title fusion-title-1 fusion-sep-none fusion-title-text fusion-title-size-two\" style=\"margin-top:0px;margin-bottom:31px;\"><h2 class=\"title-heading-left\" style=\"margin:0;\">Automediche<\/h2><\/div><div class=\"fusion-text\"><p><strong>Orion<\/strong> progetta e realizza automediche e veicoli per il trasporto di plasma e organi, combinando esperienza, competenza tecnica e una profonda conoscenza delle esigenze operative del settore sanitario.<strong> Ogni allestimento nasce da una progettazione su misura, finalizzata a garantire efficienza, sicurezza e rapidit\u00e0 d\u2019intervento<\/strong>, anche nelle condizioni pi\u00f9 critiche.<br \/>\n<strong>La gamma di veicoli che Orion pu\u00f2 trasformare \u00e8 ampia e comprende diversi modelli<\/strong> e tipologie di base meccanica, scelti in base all\u2019utilizzo previsto: dalle auto compatte per il pronto intervento urbano ai veicoli pi\u00f9 spaziosi per trasporti su medie e lunghe distanze.<br \/>\nGli spazi interni, spesso contenuti o articolati, richiedono una progettazione accurata per assicurare funzionalit\u00e0, ergonomia e accessibilit\u00e0 a tutte le dotazioni: vani per dispositivi medici, contenitori termoregolati, prese dedicate, sistemi di illuminazione e sanificazione.<br \/>\nOgni veicolo Orion \u00e8 il risultato di lavorazioni artigianali di alta qualit\u00e0, che uniscono precisione tecnica e cura dei dettagli. Il risultato \u00e8 una flotta di <strong>mezzi unici, pensati per rispondere in modo concreto e professionale alle esigenze di strutture sanitarie, enti pubblici e operatori del soccorso<\/strong>.<\/p>\n<\/div><style type=\"text\/css\">.fusion-gallery-1 .fusion-gallery-image {border:0px solid #f6f6f6;}<\/style><div class=\"fusion-gallery fusion-gallery-container fusion-grid-3 fusion-columns-total-0 fusion-gallery-layout-grid fusion-gallery-1\" style=\"margin:-5px;\"><div style=\"padding:5px;\" class=\"fusion-grid-column fusion-gallery-column fusion-gallery-column-3 hover-type-none\"><div class=\"fusion-gallery-image\"><a href=\"https:\/\/orion-veicolispeciali.info\/it\/wp-content\/uploads\/2026\/02\/Automedica-01.jpg\" rel=\"noreferrer\" data-rel=\"iLightbox[gallery_image_1]\" class=\"fusion-lightbox\" target=\"_self\"><img loading=\"lazy\" decoding=\"async\" src=\"https:\/\/orion-veicolispeciali.info\/it\/wp-content\/uploads\/2026\/02\/Automedica-01.jpg\" width=\"900\" height=\"1200\" alt=\"Automedica-01\" title=\"Automedica-01\" aria-label=\"Automedica-01\" class=\"img-responsive wp-image-4600\" srcset=\"https:\/\/orion-veicolispeciali.info\/it\/wp-content\/uploads\/2026\/02\/Automedica-01-200x267.jpg 200w, https:\/\/orion-veicolispeciali.info\/it\/wp-content\/uploads\/2026\/02\/Automedica-01-400x533.jpg 400w, https:\/\/orion-veicolispeciali.info\/it\/wp-content\/uploads\/2026\/02\/Automedica-01-600x800.jpg 600w, https:\/\/orion-veicolispeciali.info\/it\/wp-content\/uploads\/2026\/02\/Automedica-01-800x1067.jpg 800w, https:\/\/orion-veicolispeciali.info\/it\/wp-content\/uploads\/2026\/02\/Automedica-01.jpg 900w\" sizes=\"auto, (min-width: 2200px) 100vw, (min-width: 784px) 637px, (min-width: 712px) 784px, (min-width: 640px) 712px, \" \/><\/a><\/div><\/div><div style=\"padding:5px;\" class=\"fusion-grid-column fusion-gallery-column fusion-gallery-column-3 hover-type-none\"><div class=\"fusion-gallery-image\"><a href=\"https:\/\/orion-veicolispeciali.info\/it\/wp-content\/uploads\/2026\/02\/Automedica-02.jpg\" rel=\"noreferrer\" data-rel=\"iLightbox[gallery_image_1]\" class=\"fusion-lightbox\" target=\"_self\"><img loading=\"lazy\" decoding=\"async\" src=\"https:\/\/orion-veicolispeciali.info\/it\/wp-content\/uploads\/2026\/02\/Automedica-02.jpg\" width=\"1200\" height=\"923\" alt=\"Automedica-02\" title=\"Automedica-02\" aria-label=\"Automedica-02\" class=\"img-responsive wp-image-4601\" srcset=\"https:\/\/orion-veicolispeciali.info\/it\/wp-content\/uploads\/2026\/02\/Automedica-02-200x154.jpg 200w, https:\/\/orion-veicolispeciali.info\/it\/wp-content\/uploads\/2026\/02\/Automedica-02-400x308.jpg 400w, https:\/\/orion-veicolispeciali.info\/it\/wp-content\/uploads\/2026\/02\/Automedica-02-600x462.jpg 600w, https:\/\/orion-veicolispeciali.info\/it\/wp-content\/uploads\/2026\/02\/Automedica-02-800x615.jpg 800w, https:\/\/orion-veicolispeciali.info\/it\/wp-content\/uploads\/2026\/02\/Automedica-02.jpg 1200w\" sizes=\"auto, (min-width: 2200px) 100vw, (min-width: 784px) 637px, (min-width: 712px) 784px, (min-width: 640px) 712px, \" \/><\/a><\/div><\/div><div style=\"padding:5px;\" class=\"fusion-grid-column fusion-gallery-column fusion-gallery-column-3 hover-type-none\"><div class=\"fusion-gallery-image\"><a href=\"https:\/\/orion-veicolispeciali.info\/it\/wp-content\/uploads\/2026\/02\/Automedica-03.jpg\" rel=\"noreferrer\" data-rel=\"iLightbox[gallery_image_1]\" class=\"fusion-lightbox\" target=\"_self\"><img loading=\"lazy\" decoding=\"async\" src=\"https:\/\/orion-veicolispeciali.info\/it\/wp-content\/uploads\/2026\/02\/Automedica-03.jpg\" width=\"696\" height=\"1200\" alt=\"Automedica-03\" title=\"Automedica-03\" aria-label=\"Automedica-03\" class=\"img-responsive wp-image-4602\" srcset=\"https:\/\/orion-veicolispeciali.info\/it\/wp-content\/uploads\/2026\/02\/Automedica-03-200x345.jpg 200w, https:\/\/orion-veicolispeciali.info\/it\/wp-content\/uploads\/2026\/02\/Automedica-03-400x690.jpg 400w, https:\/\/orion-veicolispeciali.info\/it\/wp-content\/uploads\/2026\/02\/Automedica-03-600x1034.jpg 600w, https:\/\/orion-veicolispeciali.info\/it\/wp-content\/uploads\/2026\/02\/Automedica-03.jpg 696w\" sizes=\"auto, (min-width: 2200px) 100vw, (min-width: 784px) 637px, (min-width: 712px) 784px, (min-width: 640px) 712px, \" \/><\/a><\/div><\/div><div class=\"clearfix\"><\/div><div style=\"padding:5px;\" class=\"fusion-grid-column fusion-gallery-column fusion-gallery-column-3 hover-type-none\"><div class=\"fusion-gallery-image\"><a href=\"https:\/\/orion-veicolispeciali.info\/it\/wp-content\/uploads\/2026\/02\/Automedica-Alfa-Romeo-Stelvio.jpg\" rel=\"noreferrer\" data-rel=\"iLightbox[gallery_image_1]\" class=\"fusion-lightbox\" target=\"_self\"><img loading=\"lazy\" decoding=\"async\" src=\"https:\/\/orion-veicolispeciali.info\/it\/wp-content\/uploads\/2026\/02\/Automedica-Alfa-Romeo-Stelvio.jpg\" width=\"941\" height=\"1200\" alt=\"Automedica-Alfa-Romeo-Stelvio\" title=\"Automedica-Alfa-Romeo-Stelvio\" aria-label=\"Automedica-Alfa-Romeo-Stelvio\" class=\"img-responsive wp-image-4603\" srcset=\"https:\/\/orion-veicolispeciali.info\/it\/wp-content\/uploads\/2026\/02\/Automedica-Alfa-Romeo-Stelvio-200x255.jpg 200w, https:\/\/orion-veicolispeciali.info\/it\/wp-content\/uploads\/2026\/02\/Automedica-Alfa-Romeo-Stelvio-400x510.jpg 400w, https:\/\/orion-veicolispeciali.info\/it\/wp-content\/uploads\/2026\/02\/Automedica-Alfa-Romeo-Stelvio-600x765.jpg 600w, https:\/\/orion-veicolispeciali.info\/it\/wp-content\/uploads\/2026\/02\/Automedica-Alfa-Romeo-Stelvio-800x1020.jpg 800w, https:\/\/orion-veicolispeciali.info\/it\/wp-content\/uploads\/2026\/02\/Automedica-Alfa-Romeo-Stelvio.jpg 941w\" sizes=\"auto, (min-width: 2200px) 100vw, (min-width: 784px) 637px, (min-width: 712px) 784px, (min-width: 640px) 712px, \" \/><\/a><\/div><\/div><div style=\"padding:5px;\" class=\"fusion-grid-column fusion-gallery-column fusion-gallery-column-3 hover-type-none\"><div class=\"fusion-gallery-image\"><a href=\"https:\/\/orion-veicolispeciali.info\/it\/wp-content\/uploads\/2026\/02\/Interno-automedica.jpg\" rel=\"noreferrer\" data-rel=\"iLightbox[gallery_image_1]\" class=\"fusion-lightbox\" target=\"_self\"><img loading=\"lazy\" decoding=\"async\" src=\"https:\/\/orion-veicolispeciali.info\/it\/wp-content\/uploads\/2026\/02\/Interno-automedica.jpg\" width=\"900\" height=\"1200\" alt=\"Interno-automedica\" title=\"Interno-automedica\" aria-label=\"Interno-automedica\" class=\"img-responsive wp-image-4604\" srcset=\"https:\/\/orion-veicolispeciali.info\/it\/wp-content\/uploads\/2026\/02\/Interno-automedica-200x267.jpg 200w, https:\/\/orion-veicolispeciali.info\/it\/wp-content\/uploads\/2026\/02\/Interno-automedica-400x533.jpg 400w, https:\/\/orion-veicolispeciali.info\/it\/wp-content\/uploads\/2026\/02\/Interno-automedica-600x800.jpg 600w, https:\/\/orion-veicolispeciali.info\/it\/wp-content\/uploads\/2026\/02\/Interno-automedica-800x1067.jpg 800w, https:\/\/orion-veicolispeciali.info\/it\/wp-content\/uploads\/2026\/02\/Interno-automedica.jpg 900w\" sizes=\"auto, (min-width: 2200px) 100vw, (min-width: 784px) 637px, (min-width: 712px) 784px, (min-width: 640px) 712px, \" \/><\/a><\/div><\/div><\/div><div class=\"fusion-clearfix\"><\/div>\n\n\t\t\t\t\t<\/div>\n\t\t\t\t<\/div><\/div><\/div>\n","protected":false},"excerpt":{"rendered":"","protected":false},"author":1,"featured_media":0,"parent":1003,"menu_order":0,"comment_status":"closed","ping_status":"closed","template":"","meta":{"footnotes":""},"class_list":["post-1072","page","type-page","status-publish","hentry"],"yoast_head":"<!-- This site is optimized with the Yoast SEO plugin v27.4 - https:\/\/yoast.com\/product\/yoast-seo-wordpress\/ -->\n<title>Automediche - Orion Veicoli Speciali<\/title>\n<meta name=\"robots\" content=\"index, follow, max-snippet:-1, max-image-preview:large, max-video-preview:-1\" \/>\n<link rel=\"canonical\" href=\"https:\/\/orion-veicolispeciali.info\/it\/i-modelli\/automediche\/\" \/>\n<meta property=\"og:locale\" content=\"it_IT\" \/>\n<meta property=\"og:type\" content=\"article\" \/>\n<meta property=\"og:title\" content=\"Automediche - Orion Veicoli Speciali\" \/>\n<meta property=\"og:url\" content=\"https:\/\/orion-veicolispeciali.info\/it\/i-modelli\/automediche\/\" \/>\n<meta property=\"og:site_name\" content=\"Orion Veicoli Speciali\" \/>\n<meta property=\"article:publisher\" content=\"https:\/\/www.facebook.com\/OrionVeicoliSpeciali\/\" \/>\n<meta property=\"article:modified_time\" content=\"2026-02-23T14:21:26+00:00\" \/>\n<meta name=\"twitter:card\" content=\"summary_large_image\" \/>\n<meta name=\"twitter:label1\" content=\"Tempo di lettura stimato\" \/>\n\t<meta name=\"twitter:data1\" content=\"3 minuti\" \/>\n<script type=\"application\/ld+json\" class=\"yoast-schema-graph\">{\"@context\":\"https:\\\/\\\/schema.org\",\"@graph\":[{\"@type\":\"WebPage\",\"@id\":\"https:\\\/\\\/orion-veicolispeciali.info\\\/it\\\/i-modelli\\\/automediche\\\/\",\"url\":\"https:\\\/\\\/orion-veicolispeciali.info\\\/it\\\/i-modelli\\\/automediche\\\/\",\"name\":\"Automediche - Orion Veicoli Speciali\",\"isPartOf\":{\"@id\":\"https:\\\/\\\/orion-veicolispeciali.info\\\/it\\\/#website\"},\"datePublished\":\"2018-03-20T10:48:49+00:00\",\"dateModified\":\"2026-02-23T14:21:26+00:00\",\"breadcrumb\":{\"@id\":\"https:\\\/\\\/orion-veicolispeciali.info\\\/it\\\/i-modelli\\\/automediche\\\/#breadcrumb\"},\"inLanguage\":\"it-IT\",\"potentialAction\":[{\"@type\":\"ReadAction\",\"target\":[\"https:\\\/\\\/orion-veicolispeciali.info\\\/it\\\/i-modelli\\\/automediche\\\/\"]}]},{\"@type\":\"BreadcrumbList\",\"@id\":\"https:\\\/\\\/orion-veicolispeciali.info\\\/it\\\/i-modelli\\\/automediche\\\/#breadcrumb\",\"itemListElement\":[{\"@type\":\"ListItem\",\"position\":1,\"name\":\"Home\",\"item\":\"https:\\\/\\\/orion-veicolispeciali.info\\\/it\\\/\"},{\"@type\":\"ListItem\",\"position\":2,\"name\":\"I modelli\",\"item\":\"https:\\\/\\\/orion-veicolispeciali.info\\\/it\\\/i-modelli\\\/\"},{\"@type\":\"ListItem\",\"position\":3,\"name\":\"Automediche\"}]},{\"@type\":\"WebSite\",\"@id\":\"https:\\\/\\\/orion-veicolispeciali.info\\\/it\\\/#website\",\"url\":\"https:\\\/\\\/orion-veicolispeciali.info\\\/it\\\/\",\"name\":\"Orion Veicoli Speciali\",\"description\":\"\",\"publisher\":{\"@id\":\"https:\\\/\\\/orion-veicolispeciali.info\\\/it\\\/#organization\"},\"potentialAction\":[{\"@type\":\"SearchAction\",\"target\":{\"@type\":\"EntryPoint\",\"urlTemplate\":\"https:\\\/\\\/orion-veicolispeciali.info\\\/it\\\/?s={search_term_string}\"},\"query-input\":{\"@type\":\"PropertyValueSpecification\",\"valueRequired\":true,\"valueName\":\"search_term_string\"}}],\"inLanguage\":\"it-IT\"},{\"@type\":\"Organization\",\"@id\":\"https:\\\/\\\/orion-veicolispeciali.info\\\/it\\\/#organization\",\"name\":\"Orion srl\",\"url\":\"https:\\\/\\\/orion-veicolispeciali.info\\\/it\\\/\",\"logo\":{\"@type\":\"ImageObject\",\"inLanguage\":\"it-IT\",\"@id\":\"https:\\\/\\\/orion-veicolispeciali.info\\\/it\\\/#\\\/schema\\\/logo\\\/image\\\/\",\"url\":\"https:\\\/\\\/orion-veicolispeciali.info\\\/it\\\/wp-content\\\/uploads\\\/2018\\\/03\\\/LogoORION.png\",\"contentUrl\":\"https:\\\/\\\/orion-veicolispeciali.info\\\/it\\\/wp-content\\\/uploads\\\/2018\\\/03\\\/LogoORION.png\",\"width\":600,\"height\":183,\"caption\":\"Orion srl\"},\"image\":{\"@id\":\"https:\\\/\\\/orion-veicolispeciali.info\\\/it\\\/#\\\/schema\\\/logo\\\/image\\\/\"},\"sameAs\":[\"https:\\\/\\\/www.facebook.com\\\/OrionVeicoliSpeciali\\\/\",\"https:\\\/\\\/www.instagram.com\\\/orion_veicoli_speciali\\\/\",\"https:\\\/\\\/www.youtube.com\\\/channel\\\/UCLFqce5NG1-oMgIydtpZpLA?view_as=subscriber\"]}]}<\/script>\n<!-- \/ Yoast SEO plugin. -->","yoast_head_json":{"title":"Automediche - Orion Veicoli Speciali","robots":{"index":"index","follow":"follow","max-snippet":"max-snippet:-1","max-image-preview":"max-image-preview:large","max-video-preview":"max-video-preview:-1"},"canonical":"https:\/\/orion-veicolispeciali.info\/it\/i-modelli\/automediche\/","og_locale":"it_IT","og_type":"article","og_title":"Automediche - Orion Veicoli Speciali","og_url":"https:\/\/orion-veicolispeciali.info\/it\/i-modelli\/automediche\/","og_site_name":"Orion Veicoli Speciali","article_publisher":"https:\/\/www.facebook.com\/OrionVeicoliSpeciali\/","article_modified_time":"2026-02-23T14:21:26+00:00","twitter_card":"summary_large_image","twitter_misc":{"Tempo di lettura stimato":"3 minuti"},"schema":{"@context":"https:\/\/schema.org","@graph":[{"@type":"WebPage","@id":"https:\/\/orion-veicolispeciali.info\/it\/i-modelli\/automediche\/","url":"https:\/\/orion-veicolispeciali.info\/it\/i-modelli\/automediche\/","name":"Automediche - Orion Veicoli Speciali","isPartOf":{"@id":"https:\/\/orion-veicolispeciali.info\/it\/#website"},"datePublished":"2018-03-20T10:48:49+00:00","dateModified":"2026-02-23T14:21:26+00:00","breadcrumb":{"@id":"https:\/\/orion-veicolispeciali.info\/it\/i-modelli\/automediche\/#breadcrumb"},"inLanguage":"it-IT","potentialAction":[{"@type":"ReadAction","target":["https:\/\/orion-veicolispeciali.info\/it\/i-modelli\/automediche\/"]}]},{"@type":"BreadcrumbList","@id":"https:\/\/orion-veicolispeciali.info\/it\/i-modelli\/automediche\/#breadcrumb","itemListElement":[{"@type":"ListItem","position":1,"name":"Home","item":"https:\/\/orion-veicolispeciali.info\/it\/"},{"@type":"ListItem","position":2,"name":"I modelli","item":"https:\/\/orion-veicolispeciali.info\/it\/i-modelli\/"},{"@type":"ListItem","position":3,"name":"Automediche"}]},{"@type":"WebSite","@id":"https:\/\/orion-veicolispeciali.info\/it\/#website","url":"https:\/\/orion-veicolispeciali.info\/it\/","name":"Orion Veicoli Speciali","description":"","publisher":{"@id":"https:\/\/orion-veicolispeciali.info\/it\/#organization"},"potentialAction":[{"@type":"SearchAction","target":{"@type":"EntryPoint","urlTemplate":"https:\/\/orion-veicolispeciali.info\/it\/?s={search_term_string}"},"query-input":{"@type":"PropertyValueSpecification","valueRequired":true,"valueName":"search_term_string"}}],"inLanguage":"it-IT"},{"@type":"Organization","@id":"https:\/\/orion-veicolispeciali.info\/it\/#organization","name":"Orion srl","url":"https:\/\/orion-veicolispeciali.info\/it\/","logo":{"@type":"ImageObject","inLanguage":"it-IT","@id":"https:\/\/orion-veicolispeciali.info\/it\/#\/schema\/logo\/image\/","url":"https:\/\/orion-veicolispeciali.info\/it\/wp-content\/uploads\/2018\/03\/LogoORION.png","contentUrl":"https:\/\/orion-veicolispeciali.info\/it\/wp-content\/uploads\/2018\/03\/LogoORION.png","width":600,"height":183,"caption":"Orion srl"},"image":{"@id":"https:\/\/orion-veicolispeciali.info\/it\/#\/schema\/logo\/image\/"},"sameAs":["https:\/\/www.facebook.com\/OrionVeicoliSpeciali\/","https:\/\/www.instagram.com\/orion_veicoli_speciali\/","https:\/\/www.youtube.com\/channel\/UCLFqce5NG1-oMgIydtpZpLA?view_as=subscriber"]}]}},"_links":{"self":[{"href":"https:\/\/orion-veicolispeciali.info\/it\/wp-json\/wp\/v2\/pages\/1072","targetHints":{"allow":["GET"]}}],"collection":[{"href":"https:\/\/orion-veicolispeciali.info\/it\/wp-json\/wp\/v2\/pages"}],"about":[{"href":"https:\/\/orion-veicolispeciali.info\/it\/wp-json\/wp\/v2\/types\/page"}],"author":[{"embeddable":true,"href":"https:\/\/orion-veicolispeciali.info\/it\/wp-json\/wp\/v2\/users\/1"}],"replies":[{"embeddable":true,"href":"https:\/\/orion-veicolispeciali.info\/it\/wp-json\/wp\/v2\/comments?post=1072"}],"version-history":[{"count":5,"href":"https:\/\/orion-veicolispeciali.info\/it\/wp-json\/wp\/v2\/pages\/1072\/revisions"}],"predecessor-version":[{"id":4605,"href":"https:\/\/orion-veicolispeciali.info\/it\/wp-json\/wp\/v2\/pages\/1072\/revisions\/4605"}],"up":[{"embeddable":true,"href":"https:\/\/orion-veicolispeciali.info\/it\/wp-json\/wp\/v2\/pages\/1003"}],"wp:attachment":[{"href":"https:\/\/orion-veicolispeciali.info\/it\/wp-json\/wp\/v2\/media?parent=1072"}],"curies":[{"name":"wp","href":"https:\/\/api.w.org\/{rel}","templated":true}]}}