{"id":1208,"date":"2018-03-26T15:40:00","date_gmt":"2018-03-26T13:40:00","guid":{"rendered":"https:\/\/orion-veicolispeciali.info\/it\/?page_id=1208"},"modified":"2018-08-03T10:23:44","modified_gmt":"2018-08-03T08:23:44","slug":"innovazioni","status":"publish","type":"page","link":"https:\/\/orion-veicolispeciali.info\/it\/esclusive-orion\/innovazioni\/","title":{"rendered":"Innovazioni"},"content":{"rendered":"<h2>Spoiler Luxor<\/h2>\n<h3>Luxor \u00e8 la perfetta armonia tra design e tecnologia.<\/h3>\n<p>L\u2019illuminazione garantita dai lampeggianti deve essere sempre al massimo livello in ogni punto di osservazione, e garantire ottime prestazioni sia da lontano che da vicino.<\/p>\n<p>L\u2019esclusivo design studiato dai progettisti ORION per lo spiler Luxor mantiene la visibilit\u00e0 ai massimi livelli pensato dal fondatore Giancarlo Meoni quando ide\u00f2 i lampeggianti rovesciati. Ma Luxor aggiunge un\u2019aerodinamicit\u00e0 del veicolo raffinata ed integra luci a led ad altissima efficienza luminosa. Questo garantisce la massima visibilit\u00e0 del veicolo di soccorso in tutti gli scenari di emergenza.<\/p>\n<p>Nella parte anteriore di Luxor trovano spazio gli altoparlanti ad alta potenza delle sirene e l\u2019efficiente sistema di illuminazione a girante per illuminare con precisione la scena. La conformazione dello spoiler nella parte posteriore integra la ripetizione superiore della fanaleria del veicolo e convoglia l\u2019 aria immessa o espulsa dall\u2019aeratore del vano sanitario verso l\u2019alto.<\/p>\n\n\t\t<style type=\"text\/css\">\n\t\t\t#gallery-1 {\n\t\t\t\tmargin: auto;\n\t\t\t}\n\t\t\t#gallery-1 .gallery-item {\n\t\t\t\tfloat: left;\n\t\t\t\tmargin-top: 10px;\n\t\t\t\ttext-align: center;\n\t\t\t\twidth: 33%;\n\t\t\t}\n\t\t\t#gallery-1 img {\n\t\t\t\tborder: 2px solid #cfcfcf;\n\t\t\t}\n\t\t\t#gallery-1 .gallery-caption {\n\t\t\t\tmargin-left: 0;\n\t\t\t}\n\t\t\t\/* see gallery_shortcode() in wp-includes\/media.php *\/\n\t\t<\/style>\n\t\t<div id='gallery-1' class='gallery galleryid-1208 gallery-columns-3 gallery-size-thumbnail'><dl class='gallery-item'>\n\t\t\t<dt class='gallery-icon landscape'>\n\t\t\t\t<a data-rel=\"iLightbox[postimages]\" data-title=\"img.LTE5ODcyMjM1MzA\" data-caption=\"\" href='https:\/\/orion-veicolispeciali.info\/it\/wp-content\/uploads\/2018\/03\/img.LTE5ODcyMjM1MzA.jpeg'><img loading=\"lazy\" decoding=\"async\" width=\"150\" height=\"150\" src=\"https:\/\/orion-veicolispeciali.info\/it\/wp-content\/uploads\/2018\/03\/img.LTE5ODcyMjM1MzA-150x150.jpeg\" class=\"attachment-thumbnail size-thumbnail\" alt=\"\" \/><\/a>\n\t\t\t<\/dt><\/dl><dl class='gallery-item'>\n\t\t\t<dt class='gallery-icon landscape'>\n\t\t\t\t<a data-rel=\"iLightbox[postimages]\" data-title=\"img.LTExOTI0NjM3NTE\" data-caption=\"\" href='https:\/\/orion-veicolispeciali.info\/it\/wp-content\/uploads\/2018\/03\/img.LTExOTI0NjM3NTE.jpeg'><img loading=\"lazy\" decoding=\"async\" width=\"150\" height=\"150\" src=\"https:\/\/orion-veicolispeciali.info\/it\/wp-content\/uploads\/2018\/03\/img.LTExOTI0NjM3NTE-150x150.jpeg\" class=\"attachment-thumbnail size-thumbnail\" alt=\"\" \/><\/a>\n\t\t\t<\/dt><\/dl><dl class='gallery-item'>\n\t\t\t<dt class='gallery-icon landscape'>\n\t\t\t\t<a data-rel=\"iLightbox[postimages]\" data-title=\"img.LTIxOTAyNjk2\" data-caption=\"\" href='https:\/\/orion-veicolispeciali.info\/it\/wp-content\/uploads\/2018\/03\/img.LTIxOTAyNjk2.jpeg'><img loading=\"lazy\" decoding=\"async\" width=\"150\" height=\"150\" src=\"https:\/\/orion-veicolispeciali.info\/it\/wp-content\/uploads\/2018\/03\/img.LTIxOTAyNjk2-150x150.jpeg\" class=\"attachment-thumbnail size-thumbnail\" alt=\"\" \/><\/a>\n\t\t\t<\/dt><\/dl><br style=\"clear: both\" \/><dl class='gallery-item'>\n\t\t\t<dt class='gallery-icon landscape'>\n\t\t\t\t<a data-rel=\"iLightbox[postimages]\" data-title=\"img.MTE5NTI5NDIzMA\" data-caption=\"\" href='https:\/\/orion-veicolispeciali.info\/it\/wp-content\/uploads\/2018\/03\/img.MTE5NTI5NDIzMA.jpeg'><img loading=\"lazy\" decoding=\"async\" width=\"150\" height=\"150\" src=\"https:\/\/orion-veicolispeciali.info\/it\/wp-content\/uploads\/2018\/03\/img.MTE5NTI5NDIzMA-150x150.jpeg\" class=\"attachment-thumbnail size-thumbnail\" alt=\"\" \/><\/a>\n\t\t\t<\/dt><\/dl><dl class='gallery-item'>\n\t\t\t<dt class='gallery-icon landscape'>\n\t\t\t\t<a data-rel=\"iLightbox[postimages]\" data-title=\"img.MTk1MjQ3MjM5OQ\" data-caption=\"\" href='https:\/\/orion-veicolispeciali.info\/it\/wp-content\/uploads\/2018\/03\/img.MTk1MjQ3MjM5OQ.jpeg'><img loading=\"lazy\" decoding=\"async\" width=\"150\" height=\"150\" src=\"https:\/\/orion-veicolispeciali.info\/it\/wp-content\/uploads\/2018\/03\/img.MTk1MjQ3MjM5OQ-150x150.jpeg\" class=\"attachment-thumbnail size-thumbnail\" alt=\"\" \/><\/a>\n\t\t\t<\/dt><\/dl><dl class='gallery-item'>\n\t\t\t<dt class='gallery-icon landscape'>\n\t\t\t\t<a data-rel=\"iLightbox[postimages]\" data-title=\"img.MTk2NDMzMTUyMw\" data-caption=\"\" href='https:\/\/orion-veicolispeciali.info\/it\/wp-content\/uploads\/2018\/03\/img.MTk2NDMzMTUyMw.jpeg'><img loading=\"lazy\" decoding=\"async\" width=\"150\" height=\"150\" src=\"https:\/\/orion-veicolispeciali.info\/it\/wp-content\/uploads\/2018\/03\/img.MTk2NDMzMTUyMw-150x150.jpeg\" class=\"attachment-thumbnail size-thumbnail\" alt=\"\" \/><\/a>\n\t\t\t<\/dt><\/dl><br style=\"clear: both\" \/><dl class='gallery-item'>\n\t\t\t<dt class='gallery-icon landscape'>\n\t\t\t\t<a data-rel=\"iLightbox[postimages]\" data-title=\"img.ODY1NDIwNDk5\" data-caption=\"\" href='https:\/\/orion-veicolispeciali.info\/it\/wp-content\/uploads\/2018\/03\/img.ODY1NDIwNDk5.jpeg'><img loading=\"lazy\" decoding=\"async\" width=\"150\" height=\"150\" src=\"https:\/\/orion-veicolispeciali.info\/it\/wp-content\/uploads\/2018\/03\/img.ODY1NDIwNDk5-150x150.jpeg\" class=\"attachment-thumbnail size-thumbnail\" alt=\"\" \/><\/a>\n\t\t\t<\/dt><\/dl>\n\t\t\t<br style='clear: both' \/>\n\t\t<\/div>\n\n<h2><\/h2>\n<h2>Doblo XL Ambulanza<\/h2>\n<p>ORION ha studiato l\u2019ambulanza per trasporti sanitari Dobl\u00f2 XL per quelle associazioni che necessitano di un veicolo di piccole dimensioni adeguata al trasporto sanitario. Dobl\u00f2 XL pu\u00f2 essere anche utilizzato come ambulanza di emergenza nelle isole o nei luoghi dove il passaggio di veicoli pi\u00f9 ingombranti \u00e8 impossibile, come centri storici o aree turistiche estremamente affollate. Si tratta dell\u2019ambulanza compatta ideale per il trasporto sanitario perch\u00e9 tutte le dotazioni essenziali hanno il loro giusto alloggiamento e ancoraggio. ORION ha infatti studiato attentamente gli spazi interni e ha ideato diverse combinazioni con l\u2019aggiunta del brevetto di sanificazione PURE HEALTH.<\/p>\n\n\t\t<style type=\"text\/css\">\n\t\t\t#gallery-2 {\n\t\t\t\tmargin: auto;\n\t\t\t}\n\t\t\t#gallery-2 .gallery-item {\n\t\t\t\tfloat: left;\n\t\t\t\tmargin-top: 10px;\n\t\t\t\ttext-align: center;\n\t\t\t\twidth: 33%;\n\t\t\t}\n\t\t\t#gallery-2 img {\n\t\t\t\tborder: 2px solid #cfcfcf;\n\t\t\t}\n\t\t\t#gallery-2 .gallery-caption {\n\t\t\t\tmargin-left: 0;\n\t\t\t}\n\t\t\t\/* see gallery_shortcode() in wp-includes\/media.php *\/\n\t\t<\/style>\n\t\t<div id='gallery-2' class='gallery galleryid-1208 gallery-columns-3 gallery-size-thumbnail'><dl class='gallery-item'>\n\t\t\t<dt class='gallery-icon landscape'>\n\t\t\t\t<a data-rel=\"iLightbox[postimages]\" data-title=\"img.MjcwNjU0Nzc3\" data-caption=\"\" href='https:\/\/orion-veicolispeciali.info\/it\/wp-content\/uploads\/2018\/03\/img.MjcwNjU0Nzc3.jpeg'><img loading=\"lazy\" decoding=\"async\" width=\"150\" height=\"150\" src=\"https:\/\/orion-veicolispeciali.info\/it\/wp-content\/uploads\/2018\/03\/img.MjcwNjU0Nzc3-150x150.jpeg\" class=\"attachment-thumbnail size-thumbnail\" alt=\"\" \/><\/a>\n\t\t\t<\/dt><\/dl><dl class='gallery-item'>\n\t\t\t<dt class='gallery-icon portrait'>\n\t\t\t\t<a data-rel=\"iLightbox[postimages]\" data-title=\"img.MTk3MjM0ODAz\" data-caption=\"\" href='https:\/\/orion-veicolispeciali.info\/it\/wp-content\/uploads\/2018\/03\/img.MTk3MjM0ODAz-1.jpeg'><img loading=\"lazy\" decoding=\"async\" width=\"150\" height=\"150\" src=\"https:\/\/orion-veicolispeciali.info\/it\/wp-content\/uploads\/2018\/03\/img.MTk3MjM0ODAz-1-150x150.jpeg\" class=\"attachment-thumbnail size-thumbnail\" alt=\"\" \/><\/a>\n\t\t\t<\/dt><\/dl><dl class='gallery-item'>\n\t\t\t<dt class='gallery-icon landscape'>\n\t\t\t\t<a data-rel=\"iLightbox[postimages]\" data-title=\"img.MTQ5NDQ1OTE4OA\" data-caption=\"\" href='https:\/\/orion-veicolispeciali.info\/it\/wp-content\/uploads\/2018\/03\/img.MTQ5NDQ1OTE4OA.jpeg'><img loading=\"lazy\" decoding=\"async\" width=\"150\" height=\"150\" src=\"https:\/\/orion-veicolispeciali.info\/it\/wp-content\/uploads\/2018\/03\/img.MTQ5NDQ1OTE4OA-150x150.jpeg\" class=\"attachment-thumbnail size-thumbnail\" alt=\"\" \/><\/a>\n\t\t\t<\/dt><\/dl><br style=\"clear: both\" \/><dl class='gallery-item'>\n\t\t\t<dt class='gallery-icon landscape'>\n\t\t\t\t<a data-rel=\"iLightbox[postimages]\" data-title=\"img.NzQzODg4NTA0\" data-caption=\"\" href='https:\/\/orion-veicolispeciali.info\/it\/wp-content\/uploads\/2018\/03\/img.NzQzODg4NTA0.jpeg'><img loading=\"lazy\" decoding=\"async\" width=\"150\" height=\"150\" src=\"https:\/\/orion-veicolispeciali.info\/it\/wp-content\/uploads\/2018\/03\/img.NzQzODg4NTA0-150x150.jpeg\" class=\"attachment-thumbnail size-thumbnail\" alt=\"\" \/><\/a>\n\t\t\t<\/dt><\/dl><dl class='gallery-item'>\n\t\t\t<dt class='gallery-icon portrait'>\n\t\t\t\t<a data-rel=\"iLightbox[postimages]\" data-title=\"img.LTkzNjA5OTI0MQ\" data-caption=\"\" href='https:\/\/orion-veicolispeciali.info\/it\/wp-content\/uploads\/2018\/03\/img.LTkzNjA5OTI0MQ-1.jpeg'><img loading=\"lazy\" decoding=\"async\" width=\"150\" height=\"150\" src=\"https:\/\/orion-veicolispeciali.info\/it\/wp-content\/uploads\/2018\/03\/img.LTkzNjA5OTI0MQ-1-150x150.jpeg\" class=\"attachment-thumbnail size-thumbnail\" alt=\"\" \/><\/a>\n\t\t\t<\/dt><\/dl>\n\t\t\t<br style='clear: both' \/>\n\t\t<\/div>\n\n<h2><\/h2>\n<h2>Illuminazione Soffitto Millennium<\/h2>\n<p>Millennium di ORION significa pi\u00f9 luce al soccorso. Dalla continua ricerca dei designer di Orion e dall\u2019esperienza pluriennale nel settore tecnologico aeronautico degli ingegneri di Mino Entreprises, \u00e8 nato il nuovo soffitto con illuminazione a led per le ambulanze Orion serie Domino.<\/p>\n<p>Millenium \u00e8 oggi il perfetto connubio tra innovazione, sicurezza, efficienza\u00a0luminosa ed estetica e garantisce una visibilit\u00e0 da sala operatoria in ogni condizione. Il sistema illuminante \u00e8 realizzato con plafoniere arcuate ed \u00e8 composto da ben 132 led a luce bianca e 60 led a luce blu. La disposizione e l\u2019orientamento dei led sono progettati con estrema cura per offrire una perfetta distribuzione della curva lumen sul piano barella e sul piano di calpestio senza arrecare disturbo al paziente o agli operatori di soccorso, ma permettendo sempre un\u2019ottimo grado di visibilit\u00e0 a tutti i dettagli interni al vano sanitario.<\/p>\n<p>L\u2019 intensit\u00e0 luminosa \u00e8 regolabile\u00a0dagli operatori di bordo in modo da garantire efficienza e comfort in ogni situazione. Millennium rispetta la normativa specifica del Ministero della Salute ed \u00e8 inoltre disponibile in versione Pure Health con l\u2019integrazione dei nuovi corpi illuminanti UV\/A preposti all\u2019attivazione del sistema di auto-sanificazione.<\/p>\n\n\t\t<style type=\"text\/css\">\n\t\t\t#gallery-3 {\n\t\t\t\tmargin: auto;\n\t\t\t}\n\t\t\t#gallery-3 .gallery-item {\n\t\t\t\tfloat: left;\n\t\t\t\tmargin-top: 10px;\n\t\t\t\ttext-align: center;\n\t\t\t\twidth: 33%;\n\t\t\t}\n\t\t\t#gallery-3 img {\n\t\t\t\tborder: 2px solid #cfcfcf;\n\t\t\t}\n\t\t\t#gallery-3 .gallery-caption {\n\t\t\t\tmargin-left: 0;\n\t\t\t}\n\t\t\t\/* see gallery_shortcode() in wp-includes\/media.php *\/\n\t\t<\/style>\n\t\t<div id='gallery-3' class='gallery galleryid-1208 gallery-columns-3 gallery-size-thumbnail'><dl class='gallery-item'>\n\t\t\t<dt class='gallery-icon landscape'>\n\t\t\t\t<a data-rel=\"iLightbox[postimages]\" data-title=\"img.LTIwMDA0ODYxMw\" data-caption=\"\" href='https:\/\/orion-veicolispeciali.info\/it\/wp-content\/uploads\/2018\/03\/img.LTIwMDA0ODYxMw.png'><img loading=\"lazy\" decoding=\"async\" width=\"150\" height=\"150\" src=\"https:\/\/orion-veicolispeciali.info\/it\/wp-content\/uploads\/2018\/03\/img.LTIwMDA0ODYxMw-150x150.png\" class=\"attachment-thumbnail size-thumbnail\" alt=\"\" \/><\/a>\n\t\t\t<\/dt><\/dl><dl class='gallery-item'>\n\t\t\t<dt class='gallery-icon portrait'>\n\t\t\t\t<a data-rel=\"iLightbox[postimages]\" data-title=\"luce-tetto-04\" data-caption=\"\" href='https:\/\/orion-veicolispeciali.info\/it\/wp-content\/uploads\/2018\/08\/luce-tetto-04.jpg'><img loading=\"lazy\" decoding=\"async\" width=\"150\" height=\"150\" src=\"https:\/\/orion-veicolispeciali.info\/it\/wp-content\/uploads\/2018\/08\/luce-tetto-04-150x150.jpg\" class=\"attachment-thumbnail size-thumbnail\" alt=\"\" \/><\/a>\n\t\t\t<\/dt><\/dl><dl class='gallery-item'>\n\t\t\t<dt class='gallery-icon landscape'>\n\t\t\t\t<a data-rel=\"iLightbox[postimages]\" data-title=\"luce-tetto-01\" data-caption=\"\" href='https:\/\/orion-veicolispeciali.info\/it\/wp-content\/uploads\/2018\/08\/luce-tetto-01.jpg'><img loading=\"lazy\" decoding=\"async\" width=\"150\" height=\"150\" src=\"https:\/\/orion-veicolispeciali.info\/it\/wp-content\/uploads\/2018\/08\/luce-tetto-01-150x150.jpg\" class=\"attachment-thumbnail size-thumbnail\" alt=\"\" srcset=\"https:\/\/orion-veicolispeciali.info\/it\/wp-content\/uploads\/2018\/08\/luce-tetto-01-150x150.jpg 150w, https:\/\/orion-veicolispeciali.info\/it\/wp-content\/uploads\/2018\/08\/luce-tetto-01-300x298.jpg 300w, https:\/\/orion-veicolispeciali.info\/it\/wp-content\/uploads\/2018\/08\/luce-tetto-01.jpg 580w\" sizes=\"auto, (max-width: 150px) 100vw, 150px\" \/><\/a>\n\t\t\t<\/dt><\/dl><br style=\"clear: both\" \/><dl class='gallery-item'>\n\t\t\t<dt class='gallery-icon portrait'>\n\t\t\t\t<a data-rel=\"iLightbox[postimages]\" data-title=\"luce-tetto-02\" data-caption=\"\" href='https:\/\/orion-veicolispeciali.info\/it\/wp-content\/uploads\/2018\/08\/luce-tetto-02.jpg'><img loading=\"lazy\" decoding=\"async\" width=\"150\" height=\"150\" src=\"https:\/\/orion-veicolispeciali.info\/it\/wp-content\/uploads\/2018\/08\/luce-tetto-02-150x150.jpg\" class=\"attachment-thumbnail size-thumbnail\" alt=\"\" \/><\/a>\n\t\t\t<\/dt><\/dl><dl class='gallery-item'>\n\t\t\t<dt class='gallery-icon portrait'>\n\t\t\t\t<a data-rel=\"iLightbox[postimages]\" data-title=\"luce-tetto-03\" data-caption=\"\" href='https:\/\/orion-veicolispeciali.info\/it\/wp-content\/uploads\/2018\/08\/luce-tetto-03.jpg'><img loading=\"lazy\" decoding=\"async\" width=\"150\" height=\"150\" src=\"https:\/\/orion-veicolispeciali.info\/it\/wp-content\/uploads\/2018\/08\/luce-tetto-03-150x150.jpg\" class=\"attachment-thumbnail size-thumbnail\" alt=\"\" \/><\/a>\n\t\t\t<\/dt><\/dl>\n\t\t\t<br style='clear: both' \/>\n\t\t<\/div>\n\n","protected":false},"excerpt":{"rendered":"<p>Spoiler Luxor Luxor \u00e8 la perfetta armonia tra design e [&hellip;]<\/p>\n","protected":false},"author":1,"featured_media":1335,"parent":850,"menu_order":0,"comment_status":"closed","ping_status":"closed","template":"","meta":{"footnotes":""},"class_list":["post-1208","page","type-page","status-publish","has-post-thumbnail","hentry"],"yoast_head":"<!-- This site is optimized with the Yoast SEO plugin v27.4 - https:\/\/yoast.com\/product\/yoast-seo-wordpress\/ -->\n<title>Innovazioni - Orion Veicoli Speciali<\/title>\n<meta name=\"robots\" content=\"index, follow, max-snippet:-1, max-image-preview:large, max-video-preview:-1\" \/>\n<link rel=\"canonical\" href=\"https:\/\/orion-veicolispeciali.info\/it\/esclusive-orion\/innovazioni\/\" \/>\n<meta property=\"og:locale\" content=\"it_IT\" \/>\n<meta property=\"og:type\" content=\"article\" \/>\n<meta property=\"og:title\" content=\"Innovazioni - Orion Veicoli Speciali\" \/>\n<meta property=\"og:description\" content=\"Spoiler Luxor Luxor \u00e8 la perfetta armonia tra design e [&hellip;]\" \/>\n<meta property=\"og:url\" content=\"https:\/\/orion-veicolispeciali.info\/it\/esclusive-orion\/innovazioni\/\" \/>\n<meta property=\"og:site_name\" content=\"Orion Veicoli Speciali\" \/>\n<meta property=\"article:publisher\" content=\"https:\/\/www.facebook.com\/OrionVeicoliSpeciali\/\" \/>\n<meta property=\"article:modified_time\" content=\"2018-08-03T08:23:44+00:00\" \/>\n<meta property=\"og:image\" content=\"https:\/\/orion-veicolispeciali.info\/it\/wp-content\/uploads\/2018\/06\/ORION-innovazioni.jpg\" \/>\n\t<meta property=\"og:image:width\" content=\"1920\" \/>\n\t<meta property=\"og:image:height\" content=\"600\" \/>\n\t<meta property=\"og:image:type\" content=\"image\/jpeg\" \/>\n<meta name=\"twitter:card\" content=\"summary_large_image\" \/>\n<meta name=\"twitter:label1\" content=\"Tempo di lettura stimato\" \/>\n\t<meta name=\"twitter:data1\" content=\"2 minuti\" \/>\n<script type=\"application\/ld+json\" class=\"yoast-schema-graph\">{\"@context\":\"https:\\\/\\\/schema.org\",\"@graph\":[{\"@type\":\"WebPage\",\"@id\":\"https:\\\/\\\/orion-veicolispeciali.info\\\/it\\\/esclusive-orion\\\/innovazioni\\\/\",\"url\":\"https:\\\/\\\/orion-veicolispeciali.info\\\/it\\\/esclusive-orion\\\/innovazioni\\\/\",\"name\":\"Innovazioni - Orion Veicoli Speciali\",\"isPartOf\":{\"@id\":\"https:\\\/\\\/orion-veicolispeciali.info\\\/it\\\/#website\"},\"primaryImageOfPage\":{\"@id\":\"https:\\\/\\\/orion-veicolispeciali.info\\\/it\\\/esclusive-orion\\\/innovazioni\\\/#primaryimage\"},\"image\":{\"@id\":\"https:\\\/\\\/orion-veicolispeciali.info\\\/it\\\/esclusive-orion\\\/innovazioni\\\/#primaryimage\"},\"thumbnailUrl\":\"https:\\\/\\\/orion-veicolispeciali.info\\\/it\\\/wp-content\\\/uploads\\\/2018\\\/06\\\/ORION-innovazioni.jpg\",\"datePublished\":\"2018-03-26T13:40:00+00:00\",\"dateModified\":\"2018-08-03T08:23:44+00:00\",\"breadcrumb\":{\"@id\":\"https:\\\/\\\/orion-veicolispeciali.info\\\/it\\\/esclusive-orion\\\/innovazioni\\\/#breadcrumb\"},\"inLanguage\":\"it-IT\",\"potentialAction\":[{\"@type\":\"ReadAction\",\"target\":[\"https:\\\/\\\/orion-veicolispeciali.info\\\/it\\\/esclusive-orion\\\/innovazioni\\\/\"]}]},{\"@type\":\"ImageObject\",\"inLanguage\":\"it-IT\",\"@id\":\"https:\\\/\\\/orion-veicolispeciali.info\\\/it\\\/esclusive-orion\\\/innovazioni\\\/#primaryimage\",\"url\":\"https:\\\/\\\/orion-veicolispeciali.info\\\/it\\\/wp-content\\\/uploads\\\/2018\\\/06\\\/ORION-innovazioni.jpg\",\"contentUrl\":\"https:\\\/\\\/orion-veicolispeciali.info\\\/it\\\/wp-content\\\/uploads\\\/2018\\\/06\\\/ORION-innovazioni.jpg\",\"width\":1920,\"height\":600},{\"@type\":\"BreadcrumbList\",\"@id\":\"https:\\\/\\\/orion-veicolispeciali.info\\\/it\\\/esclusive-orion\\\/innovazioni\\\/#breadcrumb\",\"itemListElement\":[{\"@type\":\"ListItem\",\"position\":1,\"name\":\"Home\",\"item\":\"https:\\\/\\\/orion-veicolispeciali.info\\\/it\\\/\"},{\"@type\":\"ListItem\",\"position\":2,\"name\":\"Scopri le esclusive Orion\",\"item\":\"https:\\\/\\\/orion-veicolispeciali.info\\\/it\\\/esclusive-orion\\\/\"},{\"@type\":\"ListItem\",\"position\":3,\"name\":\"Innovazioni\"}]},{\"@type\":\"WebSite\",\"@id\":\"https:\\\/\\\/orion-veicolispeciali.info\\\/it\\\/#website\",\"url\":\"https:\\\/\\\/orion-veicolispeciali.info\\\/it\\\/\",\"name\":\"Orion Veicoli Speciali\",\"description\":\"\",\"publisher\":{\"@id\":\"https:\\\/\\\/orion-veicolispeciali.info\\\/it\\\/#organization\"},\"potentialAction\":[{\"@type\":\"SearchAction\",\"target\":{\"@type\":\"EntryPoint\",\"urlTemplate\":\"https:\\\/\\\/orion-veicolispeciali.info\\\/it\\\/?s={search_term_string}\"},\"query-input\":{\"@type\":\"PropertyValueSpecification\",\"valueRequired\":true,\"valueName\":\"search_term_string\"}}],\"inLanguage\":\"it-IT\"},{\"@type\":\"Organization\",\"@id\":\"https:\\\/\\\/orion-veicolispeciali.info\\\/it\\\/#organization\",\"name\":\"Orion srl\",\"url\":\"https:\\\/\\\/orion-veicolispeciali.info\\\/it\\\/\",\"logo\":{\"@type\":\"ImageObject\",\"inLanguage\":\"it-IT\",\"@id\":\"https:\\\/\\\/orion-veicolispeciali.info\\\/it\\\/#\\\/schema\\\/logo\\\/image\\\/\",\"url\":\"https:\\\/\\\/orion-veicolispeciali.info\\\/it\\\/wp-content\\\/uploads\\\/2018\\\/03\\\/LogoORION.png\",\"contentUrl\":\"https:\\\/\\\/orion-veicolispeciali.info\\\/it\\\/wp-content\\\/uploads\\\/2018\\\/03\\\/LogoORION.png\",\"width\":600,\"height\":183,\"caption\":\"Orion srl\"},\"image\":{\"@id\":\"https:\\\/\\\/orion-veicolispeciali.info\\\/it\\\/#\\\/schema\\\/logo\\\/image\\\/\"},\"sameAs\":[\"https:\\\/\\\/www.facebook.com\\\/OrionVeicoliSpeciali\\\/\",\"https:\\\/\\\/www.instagram.com\\\/orion_veicoli_speciali\\\/\",\"https:\\\/\\\/www.youtube.com\\\/channel\\\/UCLFqce5NG1-oMgIydtpZpLA?view_as=subscriber\"]}]}<\/script>\n<!-- \/ Yoast SEO plugin. -->","yoast_head_json":{"title":"Innovazioni - Orion Veicoli Speciali","robots":{"index":"index","follow":"follow","max-snippet":"max-snippet:-1","max-image-preview":"max-image-preview:large","max-video-preview":"max-video-preview:-1"},"canonical":"https:\/\/orion-veicolispeciali.info\/it\/esclusive-orion\/innovazioni\/","og_locale":"it_IT","og_type":"article","og_title":"Innovazioni - Orion Veicoli Speciali","og_description":"Spoiler Luxor Luxor \u00e8 la perfetta armonia tra design e [&hellip;]","og_url":"https:\/\/orion-veicolispeciali.info\/it\/esclusive-orion\/innovazioni\/","og_site_name":"Orion Veicoli Speciali","article_publisher":"https:\/\/www.facebook.com\/OrionVeicoliSpeciali\/","article_modified_time":"2018-08-03T08:23:44+00:00","og_image":[{"width":1920,"height":600,"url":"https:\/\/orion-veicolispeciali.info\/it\/wp-content\/uploads\/2018\/06\/ORION-innovazioni.jpg","type":"image\/jpeg"}],"twitter_card":"summary_large_image","twitter_misc":{"Tempo di lettura stimato":"2 minuti"},"schema":{"@context":"https:\/\/schema.org","@graph":[{"@type":"WebPage","@id":"https:\/\/orion-veicolispeciali.info\/it\/esclusive-orion\/innovazioni\/","url":"https:\/\/orion-veicolispeciali.info\/it\/esclusive-orion\/innovazioni\/","name":"Innovazioni - Orion Veicoli Speciali","isPartOf":{"@id":"https:\/\/orion-veicolispeciali.info\/it\/#website"},"primaryImageOfPage":{"@id":"https:\/\/orion-veicolispeciali.info\/it\/esclusive-orion\/innovazioni\/#primaryimage"},"image":{"@id":"https:\/\/orion-veicolispeciali.info\/it\/esclusive-orion\/innovazioni\/#primaryimage"},"thumbnailUrl":"https:\/\/orion-veicolispeciali.info\/it\/wp-content\/uploads\/2018\/06\/ORION-innovazioni.jpg","datePublished":"2018-03-26T13:40:00+00:00","dateModified":"2018-08-03T08:23:44+00:00","breadcrumb":{"@id":"https:\/\/orion-veicolispeciali.info\/it\/esclusive-orion\/innovazioni\/#breadcrumb"},"inLanguage":"it-IT","potentialAction":[{"@type":"ReadAction","target":["https:\/\/orion-veicolispeciali.info\/it\/esclusive-orion\/innovazioni\/"]}]},{"@type":"ImageObject","inLanguage":"it-IT","@id":"https:\/\/orion-veicolispeciali.info\/it\/esclusive-orion\/innovazioni\/#primaryimage","url":"https:\/\/orion-veicolispeciali.info\/it\/wp-content\/uploads\/2018\/06\/ORION-innovazioni.jpg","contentUrl":"https:\/\/orion-veicolispeciali.info\/it\/wp-content\/uploads\/2018\/06\/ORION-innovazioni.jpg","width":1920,"height":600},{"@type":"BreadcrumbList","@id":"https:\/\/orion-veicolispeciali.info\/it\/esclusive-orion\/innovazioni\/#breadcrumb","itemListElement":[{"@type":"ListItem","position":1,"name":"Home","item":"https:\/\/orion-veicolispeciali.info\/it\/"},{"@type":"ListItem","position":2,"name":"Scopri le esclusive Orion","item":"https:\/\/orion-veicolispeciali.info\/it\/esclusive-orion\/"},{"@type":"ListItem","position":3,"name":"Innovazioni"}]},{"@type":"WebSite","@id":"https:\/\/orion-veicolispeciali.info\/it\/#website","url":"https:\/\/orion-veicolispeciali.info\/it\/","name":"Orion Veicoli Speciali","description":"","publisher":{"@id":"https:\/\/orion-veicolispeciali.info\/it\/#organization"},"potentialAction":[{"@type":"SearchAction","target":{"@type":"EntryPoint","urlTemplate":"https:\/\/orion-veicolispeciali.info\/it\/?s={search_term_string}"},"query-input":{"@type":"PropertyValueSpecification","valueRequired":true,"valueName":"search_term_string"}}],"inLanguage":"it-IT"},{"@type":"Organization","@id":"https:\/\/orion-veicolispeciali.info\/it\/#organization","name":"Orion srl","url":"https:\/\/orion-veicolispeciali.info\/it\/","logo":{"@type":"ImageObject","inLanguage":"it-IT","@id":"https:\/\/orion-veicolispeciali.info\/it\/#\/schema\/logo\/image\/","url":"https:\/\/orion-veicolispeciali.info\/it\/wp-content\/uploads\/2018\/03\/LogoORION.png","contentUrl":"https:\/\/orion-veicolispeciali.info\/it\/wp-content\/uploads\/2018\/03\/LogoORION.png","width":600,"height":183,"caption":"Orion srl"},"image":{"@id":"https:\/\/orion-veicolispeciali.info\/it\/#\/schema\/logo\/image\/"},"sameAs":["https:\/\/www.facebook.com\/OrionVeicoliSpeciali\/","https:\/\/www.instagram.com\/orion_veicoli_speciali\/","https:\/\/www.youtube.com\/channel\/UCLFqce5NG1-oMgIydtpZpLA?view_as=subscriber"]}]}},"_links":{"self":[{"href":"https:\/\/orion-veicolispeciali.info\/it\/wp-json\/wp\/v2\/pages\/1208","targetHints":{"allow":["GET"]}}],"collection":[{"href":"https:\/\/orion-veicolispeciali.info\/it\/wp-json\/wp\/v2\/pages"}],"about":[{"href":"https:\/\/orion-veicolispeciali.info\/it\/wp-json\/wp\/v2\/types\/page"}],"author":[{"embeddable":true,"href":"https:\/\/orion-veicolispeciali.info\/it\/wp-json\/wp\/v2\/users\/1"}],"replies":[{"embeddable":true,"href":"https:\/\/orion-veicolispeciali.info\/it\/wp-json\/wp\/v2\/comments?post=1208"}],"version-history":[{"count":6,"href":"https:\/\/orion-veicolispeciali.info\/it\/wp-json\/wp\/v2\/pages\/1208\/revisions"}],"predecessor-version":[{"id":1465,"href":"https:\/\/orion-veicolispeciali.info\/it\/wp-json\/wp\/v2\/pages\/1208\/revisions\/1465"}],"up":[{"embeddable":true,"href":"https:\/\/orion-veicolispeciali.info\/it\/wp-json\/wp\/v2\/pages\/850"}],"wp:featuredmedia":[{"embeddable":true,"href":"https:\/\/orion-veicolispeciali.info\/it\/wp-json\/wp\/v2\/media\/1335"}],"wp:attachment":[{"href":"https:\/\/orion-veicolispeciali.info\/it\/wp-json\/wp\/v2\/media?parent=1208"}],"curies":[{"name":"wp","href":"https:\/\/api.w.org\/{rel}","templated":true}]}}