{"id":4403,"date":"2026-01-26T15:34:24","date_gmt":"2026-01-26T14:34:24","guid":{"rendered":"https:\/\/orion-veicolispeciali.info\/it\/?page_id=4403"},"modified":"2026-01-26T15:51:31","modified_gmt":"2026-01-26T14:51:31","slug":"veicoli-per-la-protezione-civile","status":"publish","type":"page","link":"https:\/\/orion-veicolispeciali.info\/it\/veicoli-per-la-protezione-civile\/","title":{"rendered":"Veicoli per la protezione civile"},"content":{"rendered":"<div class=\"fusion-fullwidth fullwidth-box fusion-builder-row-1 nonhundred-percent-fullwidth non-hundred-percent-height-scrolling\"  style='background-color: rgba(255,255,255,0);background-position: center center;background-repeat: no-repeat;padding-top:0px;padding-right:30px;padding-bottom:0px;padding-left:30px;'><div class=\"fusion-builder-row fusion-row \"><div  class=\"fusion-layout-column fusion_builder_column fusion_builder_column_1_2 fusion-builder-column-1 fusion-one-half fusion-column-first 1_2\"  style='margin-top:0px;margin-bottom:20px;width:50%;width:calc(50% - ( ( 4% ) * 0.5 ) );margin-right: 4%;'>\n\t\t\t\t\t<div class=\"fusion-column-wrapper\" style=\"padding: 0px 0px 0px 0px;background-position:left top;background-repeat:no-repeat;-webkit-background-size:cover;-moz-background-size:cover;-o-background-size:cover;background-size:cover;\"   data-bg-url=\"\">\n\t\t\t\t\t\t<style type=\"text\/css\"><\/style><div class=\"fusion-title title fusion-title-1 fusion-sep-none fusion-title-text fusion-title-size-two\" style=\"margin-top:0px;margin-bottom:31px;\"><h2 class=\"title-heading-left\" style=\"margin:0;\">Veicoli per il soccorso speciale<\/h2><\/div><div class=\"fusion-text\"><p>Nell\u2019ottica di un continuo sviluppo della propria gamma, Orion non si limita al settore sanitario ma estende le proprie competenze anche alla <strong>progettazione e realizzazione di veicoli speciali destinati alle forze dell\u2019ordine e alla Protezione Civile<\/strong>. In particolare, quest\u2019ultima opera in contesti estremamente diversificati, che richiedono mezzi versatili, robusti e configurabili in base alle condizioni operative e ambientali pi\u00f9 disparate.<br \/>\nOgni progetto nasce dall\u2019<strong>ascolto diretto delle esigenze degli operatori di settore<\/strong>, attraverso un dialogo costante che consente di individuare con precisione le reali necessit\u00e0 sul campo. La collaborazione con enti pubblici, associazioni e aziende partner permette inoltre di sviluppare <strong>soluzioni integrate e innovative<\/strong>, in grado di migliorare l\u2019efficacia dell\u2019intervento e la sicurezza del personale.<br \/>\nGrazie a questa impostazione, Orion \u00e8 in grado di proporre<strong> allestimenti su misura<\/strong>: unit\u00e0 mobili per emergenze ambientali, veicoli per telecomunicazioni e comando, mezzi logistici per il trasporto materiali e attrezzature, veicoli per l\u2019assistenza alla popolazione e per il coordinamento delle attivit\u00e0 sul territorio. Ogni mezzo \u00e8 costruito per garantire<strong> affidabilit\u00e0, funzionalit\u00e0 e resistenza<\/strong>, con allestimenti tecnici progettati nel dettaglio, materiali di alta qualit\u00e0 e soluzioni ergonomiche che agevolano l\u2019operativit\u00e0 anche nelle situazioni pi\u00f9 critiche.<\/p>\n<\/div><div class=\"fusion-clearfix\"><\/div>\n\n\t\t\t\t\t<\/div>\n\t\t\t\t<\/div><div  class=\"fusion-layout-column fusion_builder_column fusion_builder_column_1_2 fusion-builder-column-2 fusion-one-half fusion-column-last 1_2\"  style='margin-top:0px;margin-bottom:20px;width:50%;width:calc(50% - ( ( 4% ) * 0.5 ) );'>\n\t\t\t\t\t<div class=\"fusion-column-wrapper\" style=\"padding: 0px 0px 0px 0px;background-position:left top;background-repeat:no-repeat;-webkit-background-size:cover;-moz-background-size:cover;-o-background-size:cover;background-size:cover;\"   data-bg-url=\"\">\n\t\t\t\t\t\t<style type=\"text\/css\">.fusion-gallery-1 .fusion-gallery-image {border:0px solid #f6f6f6;}<\/style><div class=\"fusion-gallery fusion-gallery-container fusion-grid-2 fusion-columns-total-0 fusion-gallery-layout-grid fusion-gallery-1\" style=\"margin:-5px;\"><div style=\"padding:5px;\" class=\"fusion-grid-column fusion-gallery-column fusion-gallery-column-2 hover-type-none\"><div class=\"fusion-gallery-image\"><a href=\"https:\/\/orion-veicolispeciali.info\/it\/wp-content\/uploads\/2026\/01\/veicoli-per-la-protezione-civile.jpg\" rel=\"noreferrer\" data-rel=\"iLightbox[gallery_image_1]\" class=\"fusion-lightbox\" target=\"_self\"><img loading=\"lazy\" decoding=\"async\" src=\"https:\/\/orion-veicolispeciali.info\/it\/wp-content\/uploads\/2026\/01\/veicoli-per-la-protezione-civile.jpg\" width=\"800\" height=\"1392\" alt=\"veicoli-per-la-protezione-civile\" title=\"veicoli-per-la-protezione-civile\" aria-label=\"veicoli-per-la-protezione-civile\" class=\"img-responsive wp-image-4410\" srcset=\"https:\/\/orion-veicolispeciali.info\/it\/wp-content\/uploads\/2026\/01\/veicoli-per-la-protezione-civile-200x348.jpg 200w, https:\/\/orion-veicolispeciali.info\/it\/wp-content\/uploads\/2026\/01\/veicoli-per-la-protezione-civile-400x696.jpg 400w, https:\/\/orion-veicolispeciali.info\/it\/wp-content\/uploads\/2026\/01\/veicoli-per-la-protezione-civile-600x1044.jpg 600w, https:\/\/orion-veicolispeciali.info\/it\/wp-content\/uploads\/2026\/01\/veicoli-per-la-protezione-civile.jpg 800w\" sizes=\"auto, (min-width: 2200px) 100vw, (min-width: 712px) 784px, (min-width: 640px) 712px, \" \/><\/a><\/div><\/div><div style=\"padding:5px;\" class=\"fusion-grid-column fusion-gallery-column fusion-gallery-column-2 hover-type-none\"><div class=\"fusion-gallery-image\"><a href=\"https:\/\/orion-veicolispeciali.info\/it\/wp-content\/uploads\/2026\/01\/verricello-anteriore-per-veicoli-protezione-civile.jpg\" rel=\"noreferrer\" data-rel=\"iLightbox[gallery_image_1]\" class=\"fusion-lightbox\" target=\"_self\"><img loading=\"lazy\" decoding=\"async\" src=\"https:\/\/orion-veicolispeciali.info\/it\/wp-content\/uploads\/2026\/01\/verricello-anteriore-per-veicoli-protezione-civile.jpg\" width=\"800\" height=\"1386\" alt=\"\" title=\"verricello-anteriore-per-veicoli-protezione-civile\" aria-label=\"verricello-anteriore-per-veicoli-protezione-civile\" class=\"img-responsive wp-image-4409\" srcset=\"https:\/\/orion-veicolispeciali.info\/it\/wp-content\/uploads\/2026\/01\/verricello-anteriore-per-veicoli-protezione-civile-200x347.jpg 200w, https:\/\/orion-veicolispeciali.info\/it\/wp-content\/uploads\/2026\/01\/verricello-anteriore-per-veicoli-protezione-civile-400x693.jpg 400w, https:\/\/orion-veicolispeciali.info\/it\/wp-content\/uploads\/2026\/01\/verricello-anteriore-per-veicoli-protezione-civile-600x1040.jpg 600w, https:\/\/orion-veicolispeciali.info\/it\/wp-content\/uploads\/2026\/01\/verricello-anteriore-per-veicoli-protezione-civile.jpg 800w\" sizes=\"auto, (min-width: 2200px) 100vw, (min-width: 712px) 784px, (min-width: 640px) 712px, \" \/><\/a><\/div><\/div><div class=\"clearfix\"><\/div><div style=\"padding:5px;\" class=\"fusion-grid-column fusion-gallery-column fusion-gallery-column-2 hover-type-none\"><div class=\"fusion-gallery-image\"><a href=\"https:\/\/orion-veicolispeciali.info\/it\/wp-content\/uploads\/2026\/01\/naspo-antincendio-per-veicoli-protezione-civile.jpg\" rel=\"noreferrer\" data-rel=\"iLightbox[gallery_image_1]\" class=\"fusion-lightbox\" target=\"_self\"><img loading=\"lazy\" decoding=\"async\" src=\"https:\/\/orion-veicolispeciali.info\/it\/wp-content\/uploads\/2026\/01\/naspo-antincendio-per-veicoli-protezione-civile.jpg\" width=\"1500\" height=\"1125\" alt=\"naspo-antincendio-per-veicoli-protezione-civile\" title=\"naspo-antincendio-per-veicoli-protezione-civile\" aria-label=\"naspo-antincendio-per-veicoli-protezione-civile\" class=\"img-responsive wp-image-4408\" srcset=\"https:\/\/orion-veicolispeciali.info\/it\/wp-content\/uploads\/2026\/01\/naspo-antincendio-per-veicoli-protezione-civile-200x150.jpg 200w, https:\/\/orion-veicolispeciali.info\/it\/wp-content\/uploads\/2026\/01\/naspo-antincendio-per-veicoli-protezione-civile-400x300.jpg 400w, https:\/\/orion-veicolispeciali.info\/it\/wp-content\/uploads\/2026\/01\/naspo-antincendio-per-veicoli-protezione-civile-600x450.jpg 600w, https:\/\/orion-veicolispeciali.info\/it\/wp-content\/uploads\/2026\/01\/naspo-antincendio-per-veicoli-protezione-civile-800x600.jpg 800w, https:\/\/orion-veicolispeciali.info\/it\/wp-content\/uploads\/2026\/01\/naspo-antincendio-per-veicoli-protezione-civile-1200x900.jpg 1200w, https:\/\/orion-veicolispeciali.info\/it\/wp-content\/uploads\/2026\/01\/naspo-antincendio-per-veicoli-protezione-civile.jpg 1500w\" sizes=\"auto, (min-width: 2200px) 100vw, (min-width: 712px) 784px, (min-width: 640px) 712px, \" \/><\/a><\/div><\/div><div style=\"padding:5px;\" class=\"fusion-grid-column fusion-gallery-column fusion-gallery-column-2 hover-type-none\"><div class=\"fusion-gallery-image\"><a href=\"https:\/\/orion-veicolispeciali.info\/it\/wp-content\/uploads\/2026\/01\/alloggiamento-pompa-per-veicoli-protezione-civile.jpg\" rel=\"noreferrer\" data-rel=\"iLightbox[gallery_image_1]\" class=\"fusion-lightbox\" target=\"_self\"><img loading=\"lazy\" decoding=\"async\" src=\"https:\/\/orion-veicolispeciali.info\/it\/wp-content\/uploads\/2026\/01\/alloggiamento-pompa-per-veicoli-protezione-civile.jpg\" width=\"1500\" height=\"1125\" alt=\"alloggiamento-pompa-per-veicoli-protezione-civile\" title=\"alloggiamento-pompa-per-veicoli-protezione-civile\" aria-label=\"alloggiamento-pompa-per-veicoli-protezione-civile\" class=\"img-responsive wp-image-4407\" srcset=\"https:\/\/orion-veicolispeciali.info\/it\/wp-content\/uploads\/2026\/01\/alloggiamento-pompa-per-veicoli-protezione-civile-200x150.jpg 200w, https:\/\/orion-veicolispeciali.info\/it\/wp-content\/uploads\/2026\/01\/alloggiamento-pompa-per-veicoli-protezione-civile-400x300.jpg 400w, https:\/\/orion-veicolispeciali.info\/it\/wp-content\/uploads\/2026\/01\/alloggiamento-pompa-per-veicoli-protezione-civile-600x450.jpg 600w, https:\/\/orion-veicolispeciali.info\/it\/wp-content\/uploads\/2026\/01\/alloggiamento-pompa-per-veicoli-protezione-civile-800x600.jpg 800w, https:\/\/orion-veicolispeciali.info\/it\/wp-content\/uploads\/2026\/01\/alloggiamento-pompa-per-veicoli-protezione-civile-1200x900.jpg 1200w, https:\/\/orion-veicolispeciali.info\/it\/wp-content\/uploads\/2026\/01\/alloggiamento-pompa-per-veicoli-protezione-civile.jpg 1500w\" sizes=\"auto, (min-width: 2200px) 100vw, (min-width: 712px) 784px, (min-width: 640px) 712px, \" \/><\/a><\/div><\/div><div class=\"clearfix\"><\/div><\/div><div class=\"fusion-clearfix\"><\/div>\n\n\t\t\t\t\t<\/div>\n\t\t\t\t<\/div><\/div><\/div>\n","protected":false},"excerpt":{"rendered":"","protected":false},"author":1000,"featured_media":0,"parent":0,"menu_order":0,"comment_status":"closed","ping_status":"closed","template":"","meta":{"footnotes":""},"class_list":["post-4403","page","type-page","status-publish","hentry"],"yoast_head":"<!-- This site is optimized with the Yoast SEO plugin v27.4 - https:\/\/yoast.com\/product\/yoast-seo-wordpress\/ -->\n<title>Veicoli per la protezione civile - Orion Veicoli Speciali<\/title>\n<meta name=\"robots\" content=\"index, follow, max-snippet:-1, max-image-preview:large, max-video-preview:-1\" \/>\n<link rel=\"canonical\" href=\"https:\/\/orion-veicolispeciali.info\/it\/veicoli-per-la-protezione-civile\/\" \/>\n<meta property=\"og:locale\" content=\"it_IT\" \/>\n<meta property=\"og:type\" content=\"article\" \/>\n<meta property=\"og:title\" content=\"Veicoli per la protezione civile - Orion Veicoli Speciali\" \/>\n<meta property=\"og:url\" content=\"https:\/\/orion-veicolispeciali.info\/it\/veicoli-per-la-protezione-civile\/\" \/>\n<meta property=\"og:site_name\" content=\"Orion Veicoli Speciali\" \/>\n<meta property=\"article:publisher\" content=\"https:\/\/www.facebook.com\/OrionVeicoliSpeciali\/\" \/>\n<meta property=\"article:modified_time\" content=\"2026-01-26T14:51:31+00:00\" \/>\n<meta name=\"twitter:card\" content=\"summary_large_image\" \/>\n<meta name=\"twitter:label1\" content=\"Tempo di lettura stimato\" \/>\n\t<meta name=\"twitter:data1\" content=\"3 minuti\" \/>\n<script type=\"application\/ld+json\" class=\"yoast-schema-graph\">{\"@context\":\"https:\\\/\\\/schema.org\",\"@graph\":[{\"@type\":\"WebPage\",\"@id\":\"https:\\\/\\\/orion-veicolispeciali.info\\\/it\\\/veicoli-per-la-protezione-civile\\\/\",\"url\":\"https:\\\/\\\/orion-veicolispeciali.info\\\/it\\\/veicoli-per-la-protezione-civile\\\/\",\"name\":\"Veicoli per la protezione civile - Orion Veicoli Speciali\",\"isPartOf\":{\"@id\":\"https:\\\/\\\/orion-veicolispeciali.info\\\/it\\\/#website\"},\"datePublished\":\"2026-01-26T14:34:24+00:00\",\"dateModified\":\"2026-01-26T14:51:31+00:00\",\"breadcrumb\":{\"@id\":\"https:\\\/\\\/orion-veicolispeciali.info\\\/it\\\/veicoli-per-la-protezione-civile\\\/#breadcrumb\"},\"inLanguage\":\"it-IT\",\"potentialAction\":[{\"@type\":\"ReadAction\",\"target\":[\"https:\\\/\\\/orion-veicolispeciali.info\\\/it\\\/veicoli-per-la-protezione-civile\\\/\"]}]},{\"@type\":\"BreadcrumbList\",\"@id\":\"https:\\\/\\\/orion-veicolispeciali.info\\\/it\\\/veicoli-per-la-protezione-civile\\\/#breadcrumb\",\"itemListElement\":[{\"@type\":\"ListItem\",\"position\":1,\"name\":\"Home\",\"item\":\"https:\\\/\\\/orion-veicolispeciali.info\\\/it\\\/\"},{\"@type\":\"ListItem\",\"position\":2,\"name\":\"Veicoli per la protezione civile\"}]},{\"@type\":\"WebSite\",\"@id\":\"https:\\\/\\\/orion-veicolispeciali.info\\\/it\\\/#website\",\"url\":\"https:\\\/\\\/orion-veicolispeciali.info\\\/it\\\/\",\"name\":\"Orion Veicoli Speciali\",\"description\":\"\",\"publisher\":{\"@id\":\"https:\\\/\\\/orion-veicolispeciali.info\\\/it\\\/#organization\"},\"potentialAction\":[{\"@type\":\"SearchAction\",\"target\":{\"@type\":\"EntryPoint\",\"urlTemplate\":\"https:\\\/\\\/orion-veicolispeciali.info\\\/it\\\/?s={search_term_string}\"},\"query-input\":{\"@type\":\"PropertyValueSpecification\",\"valueRequired\":true,\"valueName\":\"search_term_string\"}}],\"inLanguage\":\"it-IT\"},{\"@type\":\"Organization\",\"@id\":\"https:\\\/\\\/orion-veicolispeciali.info\\\/it\\\/#organization\",\"name\":\"Orion srl\",\"url\":\"https:\\\/\\\/orion-veicolispeciali.info\\\/it\\\/\",\"logo\":{\"@type\":\"ImageObject\",\"inLanguage\":\"it-IT\",\"@id\":\"https:\\\/\\\/orion-veicolispeciali.info\\\/it\\\/#\\\/schema\\\/logo\\\/image\\\/\",\"url\":\"https:\\\/\\\/orion-veicolispeciali.info\\\/it\\\/wp-content\\\/uploads\\\/2018\\\/03\\\/LogoORION.png\",\"contentUrl\":\"https:\\\/\\\/orion-veicolispeciali.info\\\/it\\\/wp-content\\\/uploads\\\/2018\\\/03\\\/LogoORION.png\",\"width\":600,\"height\":183,\"caption\":\"Orion srl\"},\"image\":{\"@id\":\"https:\\\/\\\/orion-veicolispeciali.info\\\/it\\\/#\\\/schema\\\/logo\\\/image\\\/\"},\"sameAs\":[\"https:\\\/\\\/www.facebook.com\\\/OrionVeicoliSpeciali\\\/\",\"https:\\\/\\\/www.instagram.com\\\/orion_veicoli_speciali\\\/\",\"https:\\\/\\\/www.youtube.com\\\/channel\\\/UCLFqce5NG1-oMgIydtpZpLA?view_as=subscriber\"]}]}<\/script>\n<!-- \/ Yoast SEO plugin. -->","yoast_head_json":{"title":"Veicoli per la protezione civile - Orion Veicoli Speciali","robots":{"index":"index","follow":"follow","max-snippet":"max-snippet:-1","max-image-preview":"max-image-preview:large","max-video-preview":"max-video-preview:-1"},"canonical":"https:\/\/orion-veicolispeciali.info\/it\/veicoli-per-la-protezione-civile\/","og_locale":"it_IT","og_type":"article","og_title":"Veicoli per la protezione civile - Orion Veicoli Speciali","og_url":"https:\/\/orion-veicolispeciali.info\/it\/veicoli-per-la-protezione-civile\/","og_site_name":"Orion Veicoli Speciali","article_publisher":"https:\/\/www.facebook.com\/OrionVeicoliSpeciali\/","article_modified_time":"2026-01-26T14:51:31+00:00","twitter_card":"summary_large_image","twitter_misc":{"Tempo di lettura stimato":"3 minuti"},"schema":{"@context":"https:\/\/schema.org","@graph":[{"@type":"WebPage","@id":"https:\/\/orion-veicolispeciali.info\/it\/veicoli-per-la-protezione-civile\/","url":"https:\/\/orion-veicolispeciali.info\/it\/veicoli-per-la-protezione-civile\/","name":"Veicoli per la protezione civile - Orion Veicoli Speciali","isPartOf":{"@id":"https:\/\/orion-veicolispeciali.info\/it\/#website"},"datePublished":"2026-01-26T14:34:24+00:00","dateModified":"2026-01-26T14:51:31+00:00","breadcrumb":{"@id":"https:\/\/orion-veicolispeciali.info\/it\/veicoli-per-la-protezione-civile\/#breadcrumb"},"inLanguage":"it-IT","potentialAction":[{"@type":"ReadAction","target":["https:\/\/orion-veicolispeciali.info\/it\/veicoli-per-la-protezione-civile\/"]}]},{"@type":"BreadcrumbList","@id":"https:\/\/orion-veicolispeciali.info\/it\/veicoli-per-la-protezione-civile\/#breadcrumb","itemListElement":[{"@type":"ListItem","position":1,"name":"Home","item":"https:\/\/orion-veicolispeciali.info\/it\/"},{"@type":"ListItem","position":2,"name":"Veicoli per la protezione civile"}]},{"@type":"WebSite","@id":"https:\/\/orion-veicolispeciali.info\/it\/#website","url":"https:\/\/orion-veicolispeciali.info\/it\/","name":"Orion Veicoli Speciali","description":"","publisher":{"@id":"https:\/\/orion-veicolispeciali.info\/it\/#organization"},"potentialAction":[{"@type":"SearchAction","target":{"@type":"EntryPoint","urlTemplate":"https:\/\/orion-veicolispeciali.info\/it\/?s={search_term_string}"},"query-input":{"@type":"PropertyValueSpecification","valueRequired":true,"valueName":"search_term_string"}}],"inLanguage":"it-IT"},{"@type":"Organization","@id":"https:\/\/orion-veicolispeciali.info\/it\/#organization","name":"Orion srl","url":"https:\/\/orion-veicolispeciali.info\/it\/","logo":{"@type":"ImageObject","inLanguage":"it-IT","@id":"https:\/\/orion-veicolispeciali.info\/it\/#\/schema\/logo\/image\/","url":"https:\/\/orion-veicolispeciali.info\/it\/wp-content\/uploads\/2018\/03\/LogoORION.png","contentUrl":"https:\/\/orion-veicolispeciali.info\/it\/wp-content\/uploads\/2018\/03\/LogoORION.png","width":600,"height":183,"caption":"Orion srl"},"image":{"@id":"https:\/\/orion-veicolispeciali.info\/it\/#\/schema\/logo\/image\/"},"sameAs":["https:\/\/www.facebook.com\/OrionVeicoliSpeciali\/","https:\/\/www.instagram.com\/orion_veicoli_speciali\/","https:\/\/www.youtube.com\/channel\/UCLFqce5NG1-oMgIydtpZpLA?view_as=subscriber"]}]}},"_links":{"self":[{"href":"https:\/\/orion-veicolispeciali.info\/it\/wp-json\/wp\/v2\/pages\/4403","targetHints":{"allow":["GET"]}}],"collection":[{"href":"https:\/\/orion-veicolispeciali.info\/it\/wp-json\/wp\/v2\/pages"}],"about":[{"href":"https:\/\/orion-veicolispeciali.info\/it\/wp-json\/wp\/v2\/types\/page"}],"author":[{"embeddable":true,"href":"https:\/\/orion-veicolispeciali.info\/it\/wp-json\/wp\/v2\/users\/1000"}],"replies":[{"embeddable":true,"href":"https:\/\/orion-veicolispeciali.info\/it\/wp-json\/wp\/v2\/comments?post=4403"}],"version-history":[{"count":4,"href":"https:\/\/orion-veicolispeciali.info\/it\/wp-json\/wp\/v2\/pages\/4403\/revisions"}],"predecessor-version":[{"id":4413,"href":"https:\/\/orion-veicolispeciali.info\/it\/wp-json\/wp\/v2\/pages\/4403\/revisions\/4413"}],"wp:attachment":[{"href":"https:\/\/orion-veicolispeciali.info\/it\/wp-json\/wp\/v2\/media?parent=4403"}],"curies":[{"name":"wp","href":"https:\/\/api.w.org\/{rel}","templated":true}]}}