{"id":4529,"date":"2026-02-13T12:09:30","date_gmt":"2026-02-13T11:09:30","guid":{"rendered":"https:\/\/orion-veicolispeciali.info\/it\/?page_id=4529"},"modified":"2026-02-13T12:10:04","modified_gmt":"2026-02-13T11:10:04","slug":"4529-2","status":"publish","type":"page","link":"https:\/\/orion-veicolispeciali.info\/it\/4529-2\/","title":{"rendered":"Politica per la qualit\u00e0, l\u2019ambiente, la responsabilit\u00e0 sociale, la salute e sicurezza"},"content":{"rendered":"<div class=\"fusion-fullwidth fullwidth-box fusion-builder-row-1 nonhundred-percent-fullwidth non-hundred-percent-height-scrolling\"  style='background-color: rgba(255,255,255,0);background-position: center center;background-repeat: no-repeat;padding-top:0px;padding-right:30px;padding-bottom:0px;padding-left:30px;'><div class=\"fusion-builder-row fusion-row \"><div  class=\"fusion-layout-column fusion_builder_column fusion_builder_column_1_1 fusion-builder-column-1 fusion-one-full fusion-column-first fusion-column-last 1_1\"  style='margin-top:0px;margin-bottom:20px;'>\n\t\t\t\t\t<div class=\"fusion-column-wrapper\" style=\"padding: 0px 0px 0px 0px;background-position:left top;background-repeat:no-repeat;-webkit-background-size:cover;-moz-background-size:cover;-o-background-size:cover;background-size:cover;\"   data-bg-url=\"\">\n\t\t\t\t\t\t<style type=\"text\/css\"><\/style><div class=\"fusion-title title fusion-title-1 fusion-sep-none fusion-title-text fusion-title-size-one\" style=\"margin-top:0px;margin-bottom:31px;\"><h1 class=\"title-heading-left\" style=\"margin:0;\">Politica per la qualit\u00e0, l\u2019ambiente, la responsabilit\u00e0 sociale, la salute e sicurezza<\/h1><\/div><div class=\"fusion-text\"><p>La ORION srl, consapevole dell\u2019estrema importanza che riveste l\u2019eccellenza qualitativa dei prodotti venduti, si impegna ad utilizzare la politica per la qualit\u00e0, l\u2019ambiente, la responsabilit\u00e0 sociale, e la salute e sicurezza come mezzo e quadro di riferimento per condurre la propria organizzazione verso il miglioramento delle prestazioni e per fissare gli obiettivi di qualit\u00e0, tutela dell\u2019ambiente, responsabilit\u00e0 sociale di impresa e salute e sicurezza sul lavoro. La ORION srl pone inoltre tra gli obiettivi principali da perseguire, la tutela della sicurezza e della salute nei luoghi di lavoro, condizioni di lavoro sicure e salubri, la prevenzione di lesioni e malattie, la tutela della dignit\u00e0 e delle condizioni di lavoro del personale, la tutela dell\u2019ambiente, ritenendo che il perseguimento di tali obiettivi e il continuo miglioramento delle condizioni di salute e sicurezza, sociali e ambientali costituiscano primariamente un importante impegno di carattere sociale nei confronti dei lavoratori e del territorio. In secondo luogo, la creazione ed il miglioramento di tali condizioni sono ritenuti elementi che contribuiscono in modo significativo all\u2019efficienza del processo produttivo e alla competitivit\u00e0 dell\u2019Azienda nel mercato. In questa prospettiva la ORION srl si propone di:<\/p>\n<div class=\"textwidget\" data-cya11y-org-font-size=\"16\">\n<ul>\n<li data-cya11y-org-font-size=\"16\">Pianificare e riesaminare su base annuale degli obiettivi, definiti in linea con la presente Politica e misurabili mediante opportuni indicatori e traguardi, inerenti al sistema di gestione, al funzionamento dei processi aziendali, alla soddisfazione del cliente e alla qualit\u00e0 di prodotto, al rispetto delle norme cogenti, al miglioramento continuo per gli aspetti di qualit\u00e0, ambiente e responsabilit\u00e0 sociale, salute e sicurezza sul lavoro.<\/li>\n<li data-cya11y-org-font-size=\"16\">Comprendere e soddisfare costantemente le esigenze e le aspettative dei clienti attuali e potenziali. Condurre le attivit\u00e0 nel rispetto delle prescrizioni legali applicabili e degli impegni sottoscritti.<\/li>\n<li data-cya11y-org-font-size=\"16\">Perseguire l\u2019impegno per il miglioramento continuo e migliorare continuamente i processi di realizzazione dei prodotti per assicurare valore alle parti interessate (clienti, propriet\u00e0, personale dipendente, comunit\u00e0). Migliorare continuamente le prestazioni di gestione ambientale e della salute e sicurezza. Perseguire l\u2019impegno per eliminare pericoli e ridurre i rischi per la salute e la sicurezza dei lavoratori.<\/li>\n<\/ul>\n<ul>\n<li data-cya11y-org-font-size=\"16\">Stabilire con i fornitori selezionati rapporti di collaborazione al fine di migliorare l\u2019efficacia e l\u2019efficienza del processo di approvvigionamento e creare valore aggiunto per entrambe le parti.Promuovere il coinvolgimento e lo sviluppo del personale dipendente attraverso la motivazione, da attuare con la responsabilizzazione, il soddisfacimento professionale, il riconoscimento e la formazione continua.<\/li>\n<li data-cya11y-org-font-size=\"16\">Mettere a disposizione risorse adeguate per la realizzazione degli obiettivi di miglioramento della produzione e del servizio erogato, degli obiettivi ambientali, di salute e sicurezza e di responsabilit\u00e0 sociale, dell\u2019organizzazione e della documentazione del Sistema di Gestione.<\/li>\n<li data-cya11y-org-font-size=\"16\">Accertare in occasione del riesame da parte della Direzione la continua idoneit\u00e0 della politica per la Qualit\u00e0, Ambiente, la Salute e Sicurezze nei luoghi di lavoro e Responsabilit\u00e0 Sociale,nonch\u00e9 l\u2019adeguatezza degli obiettivi.<\/li>\n<li data-cya11y-org-font-size=\"16\">Comunicare la Politica per la Qualit\u00e0, per l\u2019Ambiente, la Responsabilit\u00e0 Sociale e la Salute e Sicurezza al personale dipendente, avendo cura che essa sia compresa e rispettata. Comunicare altres\u00ec la Politica ai fornitori e ai portatori di interesse in generale.<\/li>\n<li data-cya11y-org-font-size=\"16\">Impegnarsi a promuovere e garantire la partecipazione e la consultazione dei lavoratori e, ove istituiti, dei Rappresentanti dei Lavoratori per la Sicurezza (RLS) e dei membri del Social Performance Team (SPT) per la responsabilit\u00e0 sociale di impresa.<\/li>\n<li data-cya11y-org-font-size=\"16\">Ottemperare alle disposizioni delle leggi vigenti, sia nazionaliche internazionali, in materia di prodotto, ambiente, sicurezza, condizioni di lavoro e delle norme tecniche di riferimento, nonch\u00e9 alle prescrizioni sottoscritte dall\u2019Azienda.<\/li>\n<li data-cya11y-org-font-size=\"16\">Condurre le attivit\u00e0 in conformit\u00e0 alle prescrizioni dello standard di riferimento PAS 24000:2022 vigente per gli aspetti di responsabilit\u00e0 sociale e agli strumenti internazionali in esso previsti, alle leggi nazionali, alle altre leggi applicabili, alle prescrizioni sottoscritte, alle prescrizioni previste dalle convenzioni ONU su i diritti umani e dalle convenzioni ILO sui diritti umani, i diritti dei lavoratori, la tutela dei minori, la tutela delle lavoratrici madri, ogni forma di discriminazione.<\/li>\n<li data-cya11y-org-font-size=\"16\">Stabilire un codice etico di Responsabilit\u00e0 Sociale da comunicare a tutto il personale che comprende l\u2019impegno dell\u2019Azienda a non avvalersi di lavoro minorile, di condizioni di lavoro forzato o obbligato, a garantire la libert\u00e0 di associazione e di contrattazione collettiva, a rifiutare qualunque forma di discriminazione, a non ricorrere a provvedimenti disciplinari basati su violenza e coercizione, sia fisica che mentale, a rispettare le condizioni dei contratti di lavoro, a tutelare e migliorare la tutela della salute e della sicurezza sul lavoro.<\/li>\n<li data-cya11y-org-font-size=\"16\">Impegnarsi a promuovere il contrasto senza riserve ad ogni forma di bullismo, qualunque tipo di abuso, molestie, con tolleranza zero.<\/li>\n<li data-cya11y-org-font-size=\"16\">Garantire un trattamento equo tra i lavoratori.<\/li>\n<li data-cya11y-org-font-size=\"16\">Monitorare continuamente le situazioni di pericolo, sia per le persone che per l\u2019ambiente, e del livello dei rischi connessi alle attivit\u00e0 produttive, agli impianti, alle macchine, ai materiali, alle attrezzature utilizzate per tali attivit\u00e0 e in generale ai fattori di pericolo in per la salute e la sicurezza del personale e dei visitatori esterni.<\/li>\n<li data-cya11y-org-font-size=\"16\">Riesaminare le contromisure adottate e monitorare l\u2019efficacia delle stesse al fine di migliorare le condizioni di salute e sicurezza per le persone e per l\u2019ambiente mediante misure tecniche e organizzative.<\/li>\n<li data-cya11y-org-font-size=\"16\">Proteggere l\u2019ambiente, prevenire l\u2019inquinamento, minimizzare l\u2019impatto ambientale risultante dalla conduzione delle attivit\u00e0 produttive. Perseguire obiettivi di conduzione della propria attivit\u00e0 in modo eco-sostenibile, di risparmio energetico e di impegno per la prevenzione e la minimizzazione di ogni forma di inquinamento prodotto e dei rifiuti.<\/li>\n<li data-cya11y-org-font-size=\"16\">Perseguire una politica incentrata sull\u2019integrit\u00e0, sulla correttezza e l\u2019etica della conduzione degli affari nel rispetto delle prescrizioni legali amministrative, di salute e sicurezza, ambiente.<\/li>\n<\/ul>\n<p data-cya11y-org-font-size=\"16\">Calenzano, 1 Dicembre 2023\u00a0\u00a0\u00a0\u00a0\u00a0\u00a0\u00a0\u00a0\u00a0\u00a0\u00a0\u00a0\u00a0\u00a0\u00a0\u00a0\u00a0\u00a0\u00a0\u00a0\u00a0\u00a0\u00a0\u00a0\u00a0\u00a0\u00a0\u00a0\u00a0\u00a0\u00a0\u00a0\u00a0\u00a0\u00a0\u00a0\u00a0\u00a0\u00a0\u00a0\u00a0\u00a0\u00a0\u00a0\u00a0\u00a0\u00a0\u00a0\u00a0\u00a0\u00a0\u00a0\u00a0\u00a0\u00a0\u00a0\u00a0\u00a0\u00a0\u00a0\u00a0\u00a0\u00a0\u00a0\u00a0\u00a0\u00a0 LA DIREZIONE<\/p>\n<\/div>\n<\/div><div class=\"fusion-clearfix\"><\/div>\n\n\t\t\t\t\t<\/div>\n\t\t\t\t<\/div><\/div><\/div>\n","protected":false},"excerpt":{"rendered":"","protected":false},"author":1000,"featured_media":0,"parent":0,"menu_order":0,"comment_status":"closed","ping_status":"closed","template":"","meta":{"footnotes":""},"class_list":["post-4529","page","type-page","status-publish","hentry"],"yoast_head":"<!-- This site is optimized with the Yoast SEO plugin v27.6 - https:\/\/yoast.com\/product\/yoast-seo-wordpress\/ -->\n<title>Politica per la qualit\u00e0, l\u2019ambiente, la responsabilit\u00e0 sociale, la salute e sicurezza - Orion Veicoli Speciali<\/title>\n<meta name=\"robots\" content=\"index, follow, max-snippet:-1, max-image-preview:large, max-video-preview:-1\" \/>\n<link rel=\"canonical\" href=\"https:\/\/orion-veicolispeciali.info\/it\/4529-2\/\" \/>\n<meta property=\"og:locale\" content=\"it_IT\" \/>\n<meta property=\"og:type\" content=\"article\" \/>\n<meta property=\"og:title\" content=\"Politica per la qualit\u00e0, l\u2019ambiente, la responsabilit\u00e0 sociale, la salute e sicurezza - Orion Veicoli Speciali\" \/>\n<meta property=\"og:url\" content=\"https:\/\/orion-veicolispeciali.info\/it\/4529-2\/\" \/>\n<meta property=\"og:site_name\" content=\"Orion Veicoli Speciali\" \/>\n<meta property=\"article:publisher\" content=\"https:\/\/www.facebook.com\/OrionVeicoliSpeciali\/\" \/>\n<meta property=\"article:modified_time\" content=\"2026-02-13T11:10:04+00:00\" \/>\n<meta name=\"twitter:card\" content=\"summary_large_image\" \/>\n<meta name=\"twitter:label1\" content=\"Tempo di lettura stimato\" \/>\n\t<meta name=\"twitter:data1\" content=\"6 minuti\" \/>\n<script type=\"application\/ld+json\" class=\"yoast-schema-graph\">{\"@context\":\"https:\\\/\\\/schema.org\",\"@graph\":[{\"@type\":\"WebPage\",\"@id\":\"https:\\\/\\\/orion-veicolispeciali.info\\\/it\\\/4529-2\\\/\",\"url\":\"https:\\\/\\\/orion-veicolispeciali.info\\\/it\\\/4529-2\\\/\",\"name\":\"Politica per la qualit\u00e0, l\u2019ambiente, la responsabilit\u00e0 sociale, la salute e sicurezza - Orion Veicoli Speciali\",\"isPartOf\":{\"@id\":\"https:\\\/\\\/orion-veicolispeciali.info\\\/it\\\/#website\"},\"datePublished\":\"2026-02-13T11:09:30+00:00\",\"dateModified\":\"2026-02-13T11:10:04+00:00\",\"breadcrumb\":{\"@id\":\"https:\\\/\\\/orion-veicolispeciali.info\\\/it\\\/4529-2\\\/#breadcrumb\"},\"inLanguage\":\"it-IT\",\"potentialAction\":[{\"@type\":\"ReadAction\",\"target\":[\"https:\\\/\\\/orion-veicolispeciali.info\\\/it\\\/4529-2\\\/\"]}]},{\"@type\":\"BreadcrumbList\",\"@id\":\"https:\\\/\\\/orion-veicolispeciali.info\\\/it\\\/4529-2\\\/#breadcrumb\",\"itemListElement\":[{\"@type\":\"ListItem\",\"position\":1,\"name\":\"Home\",\"item\":\"https:\\\/\\\/orion-veicolispeciali.info\\\/it\\\/\"},{\"@type\":\"ListItem\",\"position\":2,\"name\":\"Politica per la qualit\u00e0, l\u2019ambiente, la responsabilit\u00e0 sociale, la salute e sicurezza\"}]},{\"@type\":\"WebSite\",\"@id\":\"https:\\\/\\\/orion-veicolispeciali.info\\\/it\\\/#website\",\"url\":\"https:\\\/\\\/orion-veicolispeciali.info\\\/it\\\/\",\"name\":\"Orion Veicoli Speciali\",\"description\":\"\",\"publisher\":{\"@id\":\"https:\\\/\\\/orion-veicolispeciali.info\\\/it\\\/#organization\"},\"potentialAction\":[{\"@type\":\"SearchAction\",\"target\":{\"@type\":\"EntryPoint\",\"urlTemplate\":\"https:\\\/\\\/orion-veicolispeciali.info\\\/it\\\/?s={search_term_string}\"},\"query-input\":{\"@type\":\"PropertyValueSpecification\",\"valueRequired\":true,\"valueName\":\"search_term_string\"}}],\"inLanguage\":\"it-IT\"},{\"@type\":\"Organization\",\"@id\":\"https:\\\/\\\/orion-veicolispeciali.info\\\/it\\\/#organization\",\"name\":\"Orion srl\",\"url\":\"https:\\\/\\\/orion-veicolispeciali.info\\\/it\\\/\",\"logo\":{\"@type\":\"ImageObject\",\"inLanguage\":\"it-IT\",\"@id\":\"https:\\\/\\\/orion-veicolispeciali.info\\\/it\\\/#\\\/schema\\\/logo\\\/image\\\/\",\"url\":\"https:\\\/\\\/orion-veicolispeciali.info\\\/it\\\/wp-content\\\/uploads\\\/2018\\\/03\\\/LogoORION.png\",\"contentUrl\":\"https:\\\/\\\/orion-veicolispeciali.info\\\/it\\\/wp-content\\\/uploads\\\/2018\\\/03\\\/LogoORION.png\",\"width\":600,\"height\":183,\"caption\":\"Orion srl\"},\"image\":{\"@id\":\"https:\\\/\\\/orion-veicolispeciali.info\\\/it\\\/#\\\/schema\\\/logo\\\/image\\\/\"},\"sameAs\":[\"https:\\\/\\\/www.facebook.com\\\/OrionVeicoliSpeciali\\\/\",\"https:\\\/\\\/www.instagram.com\\\/orion_veicoli_speciali\\\/\",\"https:\\\/\\\/www.youtube.com\\\/channel\\\/UCLFqce5NG1-oMgIydtpZpLA?view_as=subscriber\"]}]}<\/script>\n<!-- \/ Yoast SEO plugin. -->","yoast_head_json":{"title":"Politica per la qualit\u00e0, l\u2019ambiente, la responsabilit\u00e0 sociale, la salute e sicurezza - Orion Veicoli Speciali","robots":{"index":"index","follow":"follow","max-snippet":"max-snippet:-1","max-image-preview":"max-image-preview:large","max-video-preview":"max-video-preview:-1"},"canonical":"https:\/\/orion-veicolispeciali.info\/it\/4529-2\/","og_locale":"it_IT","og_type":"article","og_title":"Politica per la qualit\u00e0, l\u2019ambiente, la responsabilit\u00e0 sociale, la salute e sicurezza - Orion Veicoli Speciali","og_url":"https:\/\/orion-veicolispeciali.info\/it\/4529-2\/","og_site_name":"Orion Veicoli Speciali","article_publisher":"https:\/\/www.facebook.com\/OrionVeicoliSpeciali\/","article_modified_time":"2026-02-13T11:10:04+00:00","twitter_card":"summary_large_image","twitter_misc":{"Tempo di lettura stimato":"6 minuti"},"schema":{"@context":"https:\/\/schema.org","@graph":[{"@type":"WebPage","@id":"https:\/\/orion-veicolispeciali.info\/it\/4529-2\/","url":"https:\/\/orion-veicolispeciali.info\/it\/4529-2\/","name":"Politica per la qualit\u00e0, l\u2019ambiente, la responsabilit\u00e0 sociale, la salute e sicurezza - Orion Veicoli Speciali","isPartOf":{"@id":"https:\/\/orion-veicolispeciali.info\/it\/#website"},"datePublished":"2026-02-13T11:09:30+00:00","dateModified":"2026-02-13T11:10:04+00:00","breadcrumb":{"@id":"https:\/\/orion-veicolispeciali.info\/it\/4529-2\/#breadcrumb"},"inLanguage":"it-IT","potentialAction":[{"@type":"ReadAction","target":["https:\/\/orion-veicolispeciali.info\/it\/4529-2\/"]}]},{"@type":"BreadcrumbList","@id":"https:\/\/orion-veicolispeciali.info\/it\/4529-2\/#breadcrumb","itemListElement":[{"@type":"ListItem","position":1,"name":"Home","item":"https:\/\/orion-veicolispeciali.info\/it\/"},{"@type":"ListItem","position":2,"name":"Politica per la qualit\u00e0, l\u2019ambiente, la responsabilit\u00e0 sociale, la salute e sicurezza"}]},{"@type":"WebSite","@id":"https:\/\/orion-veicolispeciali.info\/it\/#website","url":"https:\/\/orion-veicolispeciali.info\/it\/","name":"Orion Veicoli Speciali","description":"","publisher":{"@id":"https:\/\/orion-veicolispeciali.info\/it\/#organization"},"potentialAction":[{"@type":"SearchAction","target":{"@type":"EntryPoint","urlTemplate":"https:\/\/orion-veicolispeciali.info\/it\/?s={search_term_string}"},"query-input":{"@type":"PropertyValueSpecification","valueRequired":true,"valueName":"search_term_string"}}],"inLanguage":"it-IT"},{"@type":"Organization","@id":"https:\/\/orion-veicolispeciali.info\/it\/#organization","name":"Orion srl","url":"https:\/\/orion-veicolispeciali.info\/it\/","logo":{"@type":"ImageObject","inLanguage":"it-IT","@id":"https:\/\/orion-veicolispeciali.info\/it\/#\/schema\/logo\/image\/","url":"https:\/\/orion-veicolispeciali.info\/it\/wp-content\/uploads\/2018\/03\/LogoORION.png","contentUrl":"https:\/\/orion-veicolispeciali.info\/it\/wp-content\/uploads\/2018\/03\/LogoORION.png","width":600,"height":183,"caption":"Orion srl"},"image":{"@id":"https:\/\/orion-veicolispeciali.info\/it\/#\/schema\/logo\/image\/"},"sameAs":["https:\/\/www.facebook.com\/OrionVeicoliSpeciali\/","https:\/\/www.instagram.com\/orion_veicoli_speciali\/","https:\/\/www.youtube.com\/channel\/UCLFqce5NG1-oMgIydtpZpLA?view_as=subscriber"]}]}},"_links":{"self":[{"href":"https:\/\/orion-veicolispeciali.info\/it\/wp-json\/wp\/v2\/pages\/4529","targetHints":{"allow":["GET"]}}],"collection":[{"href":"https:\/\/orion-veicolispeciali.info\/it\/wp-json\/wp\/v2\/pages"}],"about":[{"href":"https:\/\/orion-veicolispeciali.info\/it\/wp-json\/wp\/v2\/types\/page"}],"author":[{"embeddable":true,"href":"https:\/\/orion-veicolispeciali.info\/it\/wp-json\/wp\/v2\/users\/1000"}],"replies":[{"embeddable":true,"href":"https:\/\/orion-veicolispeciali.info\/it\/wp-json\/wp\/v2\/comments?post=4529"}],"version-history":[{"count":2,"href":"https:\/\/orion-veicolispeciali.info\/it\/wp-json\/wp\/v2\/pages\/4529\/revisions"}],"predecessor-version":[{"id":4531,"href":"https:\/\/orion-veicolispeciali.info\/it\/wp-json\/wp\/v2\/pages\/4529\/revisions\/4531"}],"wp:attachment":[{"href":"https:\/\/orion-veicolispeciali.info\/it\/wp-json\/wp\/v2\/media?parent=4529"}],"curies":[{"name":"wp","href":"https:\/\/api.w.org\/{rel}","templated":true}]}}